{"id":850,"date":"2023-12-19T21:57:53","date_gmt":"2023-12-20T00:57:53","guid":{"rendered":"http:\/\/localhost\/soldosandes\/?post_type=product&#038;p=850"},"modified":"2024-08-19T15:58:25","modified_gmt":"2024-08-19T18:58:25","slug":"box-chas","status":"publish","type":"product","link":"https:\/\/www.soldosandes.com.br\/atacado\/produto\/box-chas\/","title":{"rendered":"Box Ch\u00e1s &#8211; 24 unidades"},"content":{"rendered":"<p><strong>Box com 24 itens (4 de cada produto)<\/strong><\/p>\n<p><strong>Cont\u00e9m:<\/strong><\/p>\n<p>Hortel\u00e3 &#8230;&#8230;&#8230;.. 30g<\/p>\n<p>Erva Doce &#8230;&#8230;&#8230;. 30g<\/p>\n<p>Ervas Cidreiras&#8230;&#8230;&#8230;. 30g<\/p>\n<p>Louro em Folhas&#8230;&#8230;&#8230;. 10g<\/p>\n<p>Camomila &#8230;&#8230;&#8230;. 30g<\/p>\n<p>Canela em Rama &#8230;&#8230;&#8230;. 20g<\/p>\n","protected":false},"excerpt":{"rendered":"<p>Utilize estes Box Display prontos para vender! Al\u00e9m de lindos, otimizam o espa\u00e7o do seu neg\u00f3cio! Voc\u00ea poder\u00e1 fazer a reposi\u00e7\u00e3o conforme a venda e\/ou escolher outros aproveitando o Box Display para melhor expor seus produtos.<\/p>\n","protected":false},"featured_media":851,"comment_status":"open","ping_status":"closed","template":"","meta":[],"product_brand":[],"product_cat":[37,34,44],"product_tag":[],"class_list":{"0":"post-850","1":"product","2":"type-product","3":"status-publish","4":"has-post-thumbnail","6":"product_cat-box-prontos-para-vender","7":"product_cat-promocoes-e-ofertas","8":"product_cat-valido-para-cupons","10":"first","11":"outofstock","12":"shipping-taxable","13":"purchasable","14":"product-type-simple"},"yoast_head":"<!-- This site is optimized with the Yoast SEO plugin v27.4 - https:\/\/yoast.com\/product\/yoast-seo-wordpress\/ -->\n<title>Box Ch\u00e1s - 24 unidades - Sol dos Andes Produtos Naturais<\/title>\n<meta name=\"robots\" content=\"index, follow, max-snippet:-1, max-image-preview:large, max-video-preview:-1\" \/>\n<link rel=\"canonical\" href=\"https:\/\/www.soldosandes.com.br\/atacado\/produto\/box-chas\/\" \/>\n<meta property=\"og:locale\" content=\"pt_BR\" \/>\n<meta property=\"og:type\" content=\"article\" \/>\n<meta property=\"og:title\" content=\"Box Ch\u00e1s - 24 unidades - Sol dos Andes Produtos Naturais\" \/>\n<meta property=\"og:description\" content=\"Utilize estes Box Display prontos para vender! Al\u00e9m de lindos, otimizam o espa\u00e7o do seu neg\u00f3cio! Voc\u00ea poder\u00e1 fazer a reposi\u00e7\u00e3o conforme a venda e\/ou escolher outros aproveitando o Box Display para melhor expor seus produtos.\" \/>\n<meta property=\"og:url\" content=\"https:\/\/www.soldosandes.com.br\/atacado\/produto\/box-chas\/\" \/>\n<meta property=\"og:site_name\" content=\"Sol dos Andes Produtos Naturais\" \/>\n<meta property=\"article:modified_time\" content=\"2024-08-19T18:58:25+00:00\" \/>\n<meta property=\"og:image\" content=\"https:\/\/www.soldosandes.com.br\/atacado\/wp-content\/uploads\/2023\/12\/BOX-CHAS-.png\" \/>\n\t<meta property=\"og:image:width\" content=\"1000\" \/>\n\t<meta property=\"og:image:height\" content=\"1000\" \/>\n\t<meta property=\"og:image:type\" content=\"image\/png\" \/>\n<meta name=\"twitter:card\" content=\"summary_large_image\" \/>\n<script type=\"application\/ld+json\" class=\"yoast-schema-graph\">{\"@context\":\"https:\\\/\\\/schema.org\",\"@graph\":[{\"@type\":\"WebPage\",\"@id\":\"https:\\\/\\\/www.soldosandes.com.br\\\/atacado\\\/produto\\\/box-chas\\\/\",\"url\":\"https:\\\/\\\/www.soldosandes.com.br\\\/atacado\\\/produto\\\/box-chas\\\/\",\"name\":\"Box Ch\u00e1s - 24 unidades - Sol dos Andes Produtos Naturais\",\"isPartOf\":{\"@id\":\"https:\\\/\\\/www.soldosandes.com.br\\\/atacado\\\/#website\"},\"primaryImageOfPage\":{\"@id\":\"https:\\\/\\\/www.soldosandes.com.br\\\/atacado\\\/produto\\\/box-chas\\\/#primaryimage\"},\"image\":{\"@id\":\"https:\\\/\\\/www.soldosandes.com.br\\\/atacado\\\/produto\\\/box-chas\\\/#primaryimage\"},\"thumbnailUrl\":\"https:\\\/\\\/www.soldosandes.com.br\\\/atacado\\\/wp-content\\\/uploads\\\/2023\\\/12\\\/BOX-CHAS-.png\",\"datePublished\":\"2023-12-20T00:57:53+00:00\",\"dateModified\":\"2024-08-19T18:58:25+00:00\",\"breadcrumb\":{\"@id\":\"https:\\\/\\\/www.soldosandes.com.br\\\/atacado\\\/produto\\\/box-chas\\\/#breadcrumb\"},\"inLanguage\":\"pt-BR\",\"potentialAction\":[{\"@type\":\"ReadAction\",\"target\":[\"https:\\\/\\\/www.soldosandes.com.br\\\/atacado\\\/produto\\\/box-chas\\\/\"]}]},{\"@type\":\"ImageObject\",\"inLanguage\":\"pt-BR\",\"@id\":\"https:\\\/\\\/www.soldosandes.com.br\\\/atacado\\\/produto\\\/box-chas\\\/#primaryimage\",\"url\":\"https:\\\/\\\/www.soldosandes.com.br\\\/atacado\\\/wp-content\\\/uploads\\\/2023\\\/12\\\/BOX-CHAS-.png\",\"contentUrl\":\"https:\\\/\\\/www.soldosandes.com.br\\\/atacado\\\/wp-content\\\/uploads\\\/2023\\\/12\\\/BOX-CHAS-.png\",\"width\":1000,\"height\":1000},{\"@type\":\"BreadcrumbList\",\"@id\":\"https:\\\/\\\/www.soldosandes.com.br\\\/atacado\\\/produto\\\/box-chas\\\/#breadcrumb\",\"itemListElement\":[{\"@type\":\"ListItem\",\"position\":1,\"name\":\"In\u00edcio\",\"item\":\"https:\\\/\\\/www.soldosandes.com.br\\\/atacado\\\/\"},{\"@type\":\"ListItem\",\"position\":2,\"name\":\"Loja\",\"item\":\"https:\\\/\\\/www.soldosandes.com.br\\\/atacado\\\/loja\\\/\"},{\"@type\":\"ListItem\",\"position\":3,\"name\":\"Box Ch\u00e1s &#8211; 24 unidades\"}]},{\"@type\":\"WebSite\",\"@id\":\"https:\\\/\\\/www.soldosandes.com.br\\\/atacado\\\/#website\",\"url\":\"https:\\\/\\\/www.soldosandes.com.br\\\/atacado\\\/\",\"name\":\"Sol dos Andes Produtos Naturais\",\"description\":\"Loja de Temperos e Especiarias \",\"publisher\":{\"@id\":\"https:\\\/\\\/www.soldosandes.com.br\\\/atacado\\\/#organization\"},\"potentialAction\":[{\"@type\":\"SearchAction\",\"target\":{\"@type\":\"EntryPoint\",\"urlTemplate\":\"https:\\\/\\\/www.soldosandes.com.br\\\/atacado\\\/?s={search_term_string}\"},\"query-input\":{\"@type\":\"PropertyValueSpecification\",\"valueRequired\":true,\"valueName\":\"search_term_string\"}}],\"inLanguage\":\"pt-BR\"},{\"@type\":\"Organization\",\"@id\":\"https:\\\/\\\/www.soldosandes.com.br\\\/atacado\\\/#organization\",\"name\":\"Sol dos Andes Produtos Naturais\",\"url\":\"https:\\\/\\\/www.soldosandes.com.br\\\/atacado\\\/\",\"logo\":{\"@type\":\"ImageObject\",\"inLanguage\":\"pt-BR\",\"@id\":\"https:\\\/\\\/www.soldosandes.com.br\\\/atacado\\\/#\\\/schema\\\/logo\\\/image\\\/\",\"url\":\"https:\\\/\\\/www.soldosandes.com.br\\\/atacado\\\/wp-content\\\/uploads\\\/2023\\\/12\\\/Logo_Sol-dos-Andes_Temperos-1.png\",\"contentUrl\":\"https:\\\/\\\/www.soldosandes.com.br\\\/atacado\\\/wp-content\\\/uploads\\\/2023\\\/12\\\/Logo_Sol-dos-Andes_Temperos-1.png\",\"width\":1177,\"height\":454,\"caption\":\"Sol dos Andes Produtos Naturais\"},\"image\":{\"@id\":\"https:\\\/\\\/www.soldosandes.com.br\\\/atacado\\\/#\\\/schema\\\/logo\\\/image\\\/\"}}]}<\/script>\n<!-- \/ Yoast SEO plugin. -->","yoast_head_json":{"title":"Box Ch\u00e1s - 24 unidades - Sol dos Andes Produtos Naturais","robots":{"index":"index","follow":"follow","max-snippet":"max-snippet:-1","max-image-preview":"max-image-preview:large","max-video-preview":"max-video-preview:-1"},"canonical":"https:\/\/www.soldosandes.com.br\/atacado\/produto\/box-chas\/","og_locale":"pt_BR","og_type":"article","og_title":"Box Ch\u00e1s - 24 unidades - Sol dos Andes Produtos Naturais","og_description":"Utilize estes Box Display prontos para vender! Al\u00e9m de lindos, otimizam o espa\u00e7o do seu neg\u00f3cio! Voc\u00ea poder\u00e1 fazer a reposi\u00e7\u00e3o conforme a venda e\/ou escolher outros aproveitando o Box Display para melhor expor seus produtos.","og_url":"https:\/\/www.soldosandes.com.br\/atacado\/produto\/box-chas\/","og_site_name":"Sol dos Andes Produtos Naturais","article_modified_time":"2024-08-19T18:58:25+00:00","og_image":[{"width":1000,"height":1000,"url":"https:\/\/www.soldosandes.com.br\/atacado\/wp-content\/uploads\/2023\/12\/BOX-CHAS-.png","type":"image\/png"}],"twitter_card":"summary_large_image","schema":{"@context":"https:\/\/schema.org","@graph":[{"@type":"WebPage","@id":"https:\/\/www.soldosandes.com.br\/atacado\/produto\/box-chas\/","url":"https:\/\/www.soldosandes.com.br\/atacado\/produto\/box-chas\/","name":"Box Ch\u00e1s - 24 unidades - Sol dos Andes Produtos Naturais","isPartOf":{"@id":"https:\/\/www.soldosandes.com.br\/atacado\/#website"},"primaryImageOfPage":{"@id":"https:\/\/www.soldosandes.com.br\/atacado\/produto\/box-chas\/#primaryimage"},"image":{"@id":"https:\/\/www.soldosandes.com.br\/atacado\/produto\/box-chas\/#primaryimage"},"thumbnailUrl":"https:\/\/www.soldosandes.com.br\/atacado\/wp-content\/uploads\/2023\/12\/BOX-CHAS-.png","datePublished":"2023-12-20T00:57:53+00:00","dateModified":"2024-08-19T18:58:25+00:00","breadcrumb":{"@id":"https:\/\/www.soldosandes.com.br\/atacado\/produto\/box-chas\/#breadcrumb"},"inLanguage":"pt-BR","potentialAction":[{"@type":"ReadAction","target":["https:\/\/www.soldosandes.com.br\/atacado\/produto\/box-chas\/"]}]},{"@type":"ImageObject","inLanguage":"pt-BR","@id":"https:\/\/www.soldosandes.com.br\/atacado\/produto\/box-chas\/#primaryimage","url":"https:\/\/www.soldosandes.com.br\/atacado\/wp-content\/uploads\/2023\/12\/BOX-CHAS-.png","contentUrl":"https:\/\/www.soldosandes.com.br\/atacado\/wp-content\/uploads\/2023\/12\/BOX-CHAS-.png","width":1000,"height":1000},{"@type":"BreadcrumbList","@id":"https:\/\/www.soldosandes.com.br\/atacado\/produto\/box-chas\/#breadcrumb","itemListElement":[{"@type":"ListItem","position":1,"name":"In\u00edcio","item":"https:\/\/www.soldosandes.com.br\/atacado\/"},{"@type":"ListItem","position":2,"name":"Loja","item":"https:\/\/www.soldosandes.com.br\/atacado\/loja\/"},{"@type":"ListItem","position":3,"name":"Box Ch\u00e1s &#8211; 24 unidades"}]},{"@type":"WebSite","@id":"https:\/\/www.soldosandes.com.br\/atacado\/#website","url":"https:\/\/www.soldosandes.com.br\/atacado\/","name":"Sol dos Andes Produtos Naturais","description":"Loja de Temperos e Especiarias ","publisher":{"@id":"https:\/\/www.soldosandes.com.br\/atacado\/#organization"},"potentialAction":[{"@type":"SearchAction","target":{"@type":"EntryPoint","urlTemplate":"https:\/\/www.soldosandes.com.br\/atacado\/?s={search_term_string}"},"query-input":{"@type":"PropertyValueSpecification","valueRequired":true,"valueName":"search_term_string"}}],"inLanguage":"pt-BR"},{"@type":"Organization","@id":"https:\/\/www.soldosandes.com.br\/atacado\/#organization","name":"Sol dos Andes Produtos Naturais","url":"https:\/\/www.soldosandes.com.br\/atacado\/","logo":{"@type":"ImageObject","inLanguage":"pt-BR","@id":"https:\/\/www.soldosandes.com.br\/atacado\/#\/schema\/logo\/image\/","url":"https:\/\/www.soldosandes.com.br\/atacado\/wp-content\/uploads\/2023\/12\/Logo_Sol-dos-Andes_Temperos-1.png","contentUrl":"https:\/\/www.soldosandes.com.br\/atacado\/wp-content\/uploads\/2023\/12\/Logo_Sol-dos-Andes_Temperos-1.png","width":1177,"height":454,"caption":"Sol dos Andes Produtos Naturais"},"image":{"@id":"https:\/\/www.soldosandes.com.br\/atacado\/#\/schema\/logo\/image\/"}}]}},"_links":{"self":[{"href":"https:\/\/www.soldosandes.com.br\/atacado\/wp-json\/wp\/v2\/product\/850","targetHints":{"allow":["GET"]}}],"collection":[{"href":"https:\/\/www.soldosandes.com.br\/atacado\/wp-json\/wp\/v2\/product"}],"about":[{"href":"https:\/\/www.soldosandes.com.br\/atacado\/wp-json\/wp\/v2\/types\/product"}],"replies":[{"embeddable":true,"href":"https:\/\/www.soldosandes.com.br\/atacado\/wp-json\/wp\/v2\/comments?post=850"}],"wp:featuredmedia":[{"embeddable":true,"href":"https:\/\/www.soldosandes.com.br\/atacado\/wp-json\/wp\/v2\/media\/851"}],"wp:attachment":[{"href":"https:\/\/www.soldosandes.com.br\/atacado\/wp-json\/wp\/v2\/media?parent=850"}],"wp:term":[{"taxonomy":"product_brand","embeddable":true,"href":"https:\/\/www.soldosandes.com.br\/atacado\/wp-json\/wp\/v2\/product_brand?post=850"},{"taxonomy":"product_cat","embeddable":true,"href":"https:\/\/www.soldosandes.com.br\/atacado\/wp-json\/wp\/v2\/product_cat?post=850"},{"taxonomy":"product_tag","embeddable":true,"href":"https:\/\/www.soldosandes.com.br\/atacado\/wp-json\/wp\/v2\/product_tag?post=850"}],"curies":[{"name":"wp","href":"https:\/\/api.w.org\/{rel}","templated":true}]}}