{"id":1746,"date":"2025-10-15T22:30:38","date_gmt":"2025-10-16T01:30:38","guid":{"rendered":"https:\/\/www.soldosandes.com.br\/atacado\/?post_type=product&#038;p=1746"},"modified":"2025-10-16T20:43:33","modified_gmt":"2025-10-16T23:43:33","slug":"lemon-ervas-contem-1kg","status":"publish","type":"product","link":"https:\/\/www.soldosandes.com.br\/atacado\/produto\/lemon-ervas-contem-1kg\/","title":{"rendered":"Lemon Ervas &#8211; Cont\u00e9m 1Kg"},"content":{"rendered":"<p>O Lemon Ervas Sol dos Andes combina o frescor do lim\u00e3o e ingredientes que real\u00e7am o sabor dos pratos.<\/p>\n<p>Perfeito para frangos, peixes, saladas e legumes, \u00e9 um tempero vers\u00e1til que transforma suas receitas do dia a dia em preparos mais saborosos e marcantes.<\/p>\n","protected":false},"excerpt":{"rendered":"<p>O Lemon Ervas Sol dos Andes combina o frescor do lim\u00e3o e ingredientes que real\u00e7am o sabor dos pratos. Perfeito para frangos, peixes, saladas e legumes, \u00e9 um tempero vers\u00e1til que transforma suas receitas do dia a dia em preparos mais saborosos e marcantes.<\/p>\n","protected":false},"featured_media":1747,"comment_status":"open","ping_status":"closed","template":"","meta":[],"product_brand":[],"product_cat":[32],"product_tag":[],"class_list":{"0":"post-1746","1":"product","2":"type-product","3":"status-publish","4":"has-post-thumbnail","6":"product_cat-spices-refill","8":"first","9":"instock","10":"sale","11":"shipping-taxable","12":"purchasable","13":"product-type-simple"},"yoast_head":"<!-- This site is optimized with the Yoast SEO plugin v27.4 - https:\/\/yoast.com\/product\/yoast-seo-wordpress\/ -->\n<title>Lemon Ervas - Cont\u00e9m 1Kg - Sol dos Andes Produtos Naturais<\/title>\n<meta name=\"robots\" content=\"index, follow, max-snippet:-1, max-image-preview:large, max-video-preview:-1\" \/>\n<link rel=\"canonical\" href=\"https:\/\/www.soldosandes.com.br\/atacado\/produto\/lemon-ervas-contem-1kg\/\" \/>\n<meta property=\"og:locale\" content=\"pt_BR\" \/>\n<meta property=\"og:type\" content=\"article\" \/>\n<meta property=\"og:title\" content=\"Lemon Ervas - Cont\u00e9m 1Kg - Sol dos Andes Produtos Naturais\" \/>\n<meta property=\"og:description\" content=\"O Lemon Ervas Sol dos Andes combina o frescor do lim\u00e3o e ingredientes que real\u00e7am o sabor dos pratos. Perfeito para frangos, peixes, saladas e legumes, \u00e9 um tempero vers\u00e1til que transforma suas receitas do dia a dia em preparos mais saborosos e marcantes.\" \/>\n<meta property=\"og:url\" content=\"https:\/\/www.soldosandes.com.br\/atacado\/produto\/lemon-ervas-contem-1kg\/\" \/>\n<meta property=\"og:site_name\" content=\"Sol dos Andes Produtos Naturais\" \/>\n<meta property=\"article:modified_time\" content=\"2025-10-16T23:43:33+00:00\" \/>\n<meta property=\"og:image\" content=\"https:\/\/www.soldosandes.com.br\/atacado\/wp-content\/uploads\/2025\/10\/Lemon-Ervas-.png\" \/>\n\t<meta property=\"og:image:width\" content=\"925\" \/>\n\t<meta property=\"og:image:height\" content=\"1250\" \/>\n\t<meta property=\"og:image:type\" content=\"image\/png\" \/>\n<meta name=\"twitter:card\" content=\"summary_large_image\" \/>\n<meta name=\"twitter:label1\" content=\"Est. tempo de leitura\" \/>\n\t<meta name=\"twitter:data1\" content=\"1 minuto\" \/>\n<script type=\"application\/ld+json\" class=\"yoast-schema-graph\">{\"@context\":\"https:\\\/\\\/schema.org\",\"@graph\":[{\"@type\":\"WebPage\",\"@id\":\"https:\\\/\\\/www.soldosandes.com.br\\\/atacado\\\/produto\\\/lemon-ervas-contem-1kg\\\/\",\"url\":\"https:\\\/\\\/www.soldosandes.com.br\\\/atacado\\\/produto\\\/lemon-ervas-contem-1kg\\\/\",\"name\":\"Lemon Ervas - Cont\u00e9m 1Kg - Sol dos Andes Produtos Naturais\",\"isPartOf\":{\"@id\":\"https:\\\/\\\/www.soldosandes.com.br\\\/atacado\\\/#website\"},\"primaryImageOfPage\":{\"@id\":\"https:\\\/\\\/www.soldosandes.com.br\\\/atacado\\\/produto\\\/lemon-ervas-contem-1kg\\\/#primaryimage\"},\"image\":{\"@id\":\"https:\\\/\\\/www.soldosandes.com.br\\\/atacado\\\/produto\\\/lemon-ervas-contem-1kg\\\/#primaryimage\"},\"thumbnailUrl\":\"https:\\\/\\\/www.soldosandes.com.br\\\/atacado\\\/wp-content\\\/uploads\\\/2025\\\/10\\\/Lemon-Ervas-.png\",\"datePublished\":\"2025-10-16T01:30:38+00:00\",\"dateModified\":\"2025-10-16T23:43:33+00:00\",\"breadcrumb\":{\"@id\":\"https:\\\/\\\/www.soldosandes.com.br\\\/atacado\\\/produto\\\/lemon-ervas-contem-1kg\\\/#breadcrumb\"},\"inLanguage\":\"pt-BR\",\"potentialAction\":[{\"@type\":\"ReadAction\",\"target\":[\"https:\\\/\\\/www.soldosandes.com.br\\\/atacado\\\/produto\\\/lemon-ervas-contem-1kg\\\/\"]}]},{\"@type\":\"ImageObject\",\"inLanguage\":\"pt-BR\",\"@id\":\"https:\\\/\\\/www.soldosandes.com.br\\\/atacado\\\/produto\\\/lemon-ervas-contem-1kg\\\/#primaryimage\",\"url\":\"https:\\\/\\\/www.soldosandes.com.br\\\/atacado\\\/wp-content\\\/uploads\\\/2025\\\/10\\\/Lemon-Ervas-.png\",\"contentUrl\":\"https:\\\/\\\/www.soldosandes.com.br\\\/atacado\\\/wp-content\\\/uploads\\\/2025\\\/10\\\/Lemon-Ervas-.png\",\"width\":925,\"height\":1250},{\"@type\":\"BreadcrumbList\",\"@id\":\"https:\\\/\\\/www.soldosandes.com.br\\\/atacado\\\/produto\\\/lemon-ervas-contem-1kg\\\/#breadcrumb\",\"itemListElement\":[{\"@type\":\"ListItem\",\"position\":1,\"name\":\"In\u00edcio\",\"item\":\"https:\\\/\\\/www.soldosandes.com.br\\\/atacado\\\/\"},{\"@type\":\"ListItem\",\"position\":2,\"name\":\"Loja\",\"item\":\"https:\\\/\\\/www.soldosandes.com.br\\\/atacado\\\/loja\\\/\"},{\"@type\":\"ListItem\",\"position\":3,\"name\":\"Lemon Ervas &#8211; Cont\u00e9m 1Kg\"}]},{\"@type\":\"WebSite\",\"@id\":\"https:\\\/\\\/www.soldosandes.com.br\\\/atacado\\\/#website\",\"url\":\"https:\\\/\\\/www.soldosandes.com.br\\\/atacado\\\/\",\"name\":\"Sol dos Andes Produtos Naturais\",\"description\":\"Loja de Temperos e Especiarias \",\"publisher\":{\"@id\":\"https:\\\/\\\/www.soldosandes.com.br\\\/atacado\\\/#organization\"},\"potentialAction\":[{\"@type\":\"SearchAction\",\"target\":{\"@type\":\"EntryPoint\",\"urlTemplate\":\"https:\\\/\\\/www.soldosandes.com.br\\\/atacado\\\/?s={search_term_string}\"},\"query-input\":{\"@type\":\"PropertyValueSpecification\",\"valueRequired\":true,\"valueName\":\"search_term_string\"}}],\"inLanguage\":\"pt-BR\"},{\"@type\":\"Organization\",\"@id\":\"https:\\\/\\\/www.soldosandes.com.br\\\/atacado\\\/#organization\",\"name\":\"Sol dos Andes Produtos Naturais\",\"url\":\"https:\\\/\\\/www.soldosandes.com.br\\\/atacado\\\/\",\"logo\":{\"@type\":\"ImageObject\",\"inLanguage\":\"pt-BR\",\"@id\":\"https:\\\/\\\/www.soldosandes.com.br\\\/atacado\\\/#\\\/schema\\\/logo\\\/image\\\/\",\"url\":\"https:\\\/\\\/www.soldosandes.com.br\\\/atacado\\\/wp-content\\\/uploads\\\/2023\\\/12\\\/Logo_Sol-dos-Andes_Temperos-1.png\",\"contentUrl\":\"https:\\\/\\\/www.soldosandes.com.br\\\/atacado\\\/wp-content\\\/uploads\\\/2023\\\/12\\\/Logo_Sol-dos-Andes_Temperos-1.png\",\"width\":1177,\"height\":454,\"caption\":\"Sol dos Andes Produtos Naturais\"},\"image\":{\"@id\":\"https:\\\/\\\/www.soldosandes.com.br\\\/atacado\\\/#\\\/schema\\\/logo\\\/image\\\/\"}}]}<\/script>\n<!-- \/ Yoast SEO plugin. -->","yoast_head_json":{"title":"Lemon Ervas - Cont\u00e9m 1Kg - Sol dos Andes Produtos Naturais","robots":{"index":"index","follow":"follow","max-snippet":"max-snippet:-1","max-image-preview":"max-image-preview:large","max-video-preview":"max-video-preview:-1"},"canonical":"https:\/\/www.soldosandes.com.br\/atacado\/produto\/lemon-ervas-contem-1kg\/","og_locale":"pt_BR","og_type":"article","og_title":"Lemon Ervas - Cont\u00e9m 1Kg - Sol dos Andes Produtos Naturais","og_description":"O Lemon Ervas Sol dos Andes combina o frescor do lim\u00e3o e ingredientes que real\u00e7am o sabor dos pratos. Perfeito para frangos, peixes, saladas e legumes, \u00e9 um tempero vers\u00e1til que transforma suas receitas do dia a dia em preparos mais saborosos e marcantes.","og_url":"https:\/\/www.soldosandes.com.br\/atacado\/produto\/lemon-ervas-contem-1kg\/","og_site_name":"Sol dos Andes Produtos Naturais","article_modified_time":"2025-10-16T23:43:33+00:00","og_image":[{"width":925,"height":1250,"url":"https:\/\/www.soldosandes.com.br\/atacado\/wp-content\/uploads\/2025\/10\/Lemon-Ervas-.png","type":"image\/png"}],"twitter_card":"summary_large_image","twitter_misc":{"Est. tempo de leitura":"1 minuto"},"schema":{"@context":"https:\/\/schema.org","@graph":[{"@type":"WebPage","@id":"https:\/\/www.soldosandes.com.br\/atacado\/produto\/lemon-ervas-contem-1kg\/","url":"https:\/\/www.soldosandes.com.br\/atacado\/produto\/lemon-ervas-contem-1kg\/","name":"Lemon Ervas - Cont\u00e9m 1Kg - Sol dos Andes Produtos Naturais","isPartOf":{"@id":"https:\/\/www.soldosandes.com.br\/atacado\/#website"},"primaryImageOfPage":{"@id":"https:\/\/www.soldosandes.com.br\/atacado\/produto\/lemon-ervas-contem-1kg\/#primaryimage"},"image":{"@id":"https:\/\/www.soldosandes.com.br\/atacado\/produto\/lemon-ervas-contem-1kg\/#primaryimage"},"thumbnailUrl":"https:\/\/www.soldosandes.com.br\/atacado\/wp-content\/uploads\/2025\/10\/Lemon-Ervas-.png","datePublished":"2025-10-16T01:30:38+00:00","dateModified":"2025-10-16T23:43:33+00:00","breadcrumb":{"@id":"https:\/\/www.soldosandes.com.br\/atacado\/produto\/lemon-ervas-contem-1kg\/#breadcrumb"},"inLanguage":"pt-BR","potentialAction":[{"@type":"ReadAction","target":["https:\/\/www.soldosandes.com.br\/atacado\/produto\/lemon-ervas-contem-1kg\/"]}]},{"@type":"ImageObject","inLanguage":"pt-BR","@id":"https:\/\/www.soldosandes.com.br\/atacado\/produto\/lemon-ervas-contem-1kg\/#primaryimage","url":"https:\/\/www.soldosandes.com.br\/atacado\/wp-content\/uploads\/2025\/10\/Lemon-Ervas-.png","contentUrl":"https:\/\/www.soldosandes.com.br\/atacado\/wp-content\/uploads\/2025\/10\/Lemon-Ervas-.png","width":925,"height":1250},{"@type":"BreadcrumbList","@id":"https:\/\/www.soldosandes.com.br\/atacado\/produto\/lemon-ervas-contem-1kg\/#breadcrumb","itemListElement":[{"@type":"ListItem","position":1,"name":"In\u00edcio","item":"https:\/\/www.soldosandes.com.br\/atacado\/"},{"@type":"ListItem","position":2,"name":"Loja","item":"https:\/\/www.soldosandes.com.br\/atacado\/loja\/"},{"@type":"ListItem","position":3,"name":"Lemon Ervas &#8211; Cont\u00e9m 1Kg"}]},{"@type":"WebSite","@id":"https:\/\/www.soldosandes.com.br\/atacado\/#website","url":"https:\/\/www.soldosandes.com.br\/atacado\/","name":"Sol dos Andes Produtos Naturais","description":"Loja de Temperos e Especiarias ","publisher":{"@id":"https:\/\/www.soldosandes.com.br\/atacado\/#organization"},"potentialAction":[{"@type":"SearchAction","target":{"@type":"EntryPoint","urlTemplate":"https:\/\/www.soldosandes.com.br\/atacado\/?s={search_term_string}"},"query-input":{"@type":"PropertyValueSpecification","valueRequired":true,"valueName":"search_term_string"}}],"inLanguage":"pt-BR"},{"@type":"Organization","@id":"https:\/\/www.soldosandes.com.br\/atacado\/#organization","name":"Sol dos Andes Produtos Naturais","url":"https:\/\/www.soldosandes.com.br\/atacado\/","logo":{"@type":"ImageObject","inLanguage":"pt-BR","@id":"https:\/\/www.soldosandes.com.br\/atacado\/#\/schema\/logo\/image\/","url":"https:\/\/www.soldosandes.com.br\/atacado\/wp-content\/uploads\/2023\/12\/Logo_Sol-dos-Andes_Temperos-1.png","contentUrl":"https:\/\/www.soldosandes.com.br\/atacado\/wp-content\/uploads\/2023\/12\/Logo_Sol-dos-Andes_Temperos-1.png","width":1177,"height":454,"caption":"Sol dos Andes Produtos Naturais"},"image":{"@id":"https:\/\/www.soldosandes.com.br\/atacado\/#\/schema\/logo\/image\/"}}]}},"_links":{"self":[{"href":"https:\/\/www.soldosandes.com.br\/atacado\/wp-json\/wp\/v2\/product\/1746","targetHints":{"allow":["GET"]}}],"collection":[{"href":"https:\/\/www.soldosandes.com.br\/atacado\/wp-json\/wp\/v2\/product"}],"about":[{"href":"https:\/\/www.soldosandes.com.br\/atacado\/wp-json\/wp\/v2\/types\/product"}],"replies":[{"embeddable":true,"href":"https:\/\/www.soldosandes.com.br\/atacado\/wp-json\/wp\/v2\/comments?post=1746"}],"wp:featuredmedia":[{"embeddable":true,"href":"https:\/\/www.soldosandes.com.br\/atacado\/wp-json\/wp\/v2\/media\/1747"}],"wp:attachment":[{"href":"https:\/\/www.soldosandes.com.br\/atacado\/wp-json\/wp\/v2\/media?parent=1746"}],"wp:term":[{"taxonomy":"product_brand","embeddable":true,"href":"https:\/\/www.soldosandes.com.br\/atacado\/wp-json\/wp\/v2\/product_brand?post=1746"},{"taxonomy":"product_cat","embeddable":true,"href":"https:\/\/www.soldosandes.com.br\/atacado\/wp-json\/wp\/v2\/product_cat?post=1746"},{"taxonomy":"product_tag","embeddable":true,"href":"https:\/\/www.soldosandes.com.br\/atacado\/wp-json\/wp\/v2\/product_tag?post=1746"}],"curies":[{"name":"wp","href":"https:\/\/api.w.org\/{rel}","templated":true}]}}