{"id":1385,"date":"2024-03-13T22:10:18","date_gmt":"2024-03-14T01:10:18","guid":{"rendered":"https:\/\/www.soldosandes.com.br\/atacado\/?post_type=product&#038;p=1385"},"modified":"2025-10-15T22:16:05","modified_gmt":"2025-10-16T01:16:05","slug":"curry-contem-1kg","status":"publish","type":"product","link":"https:\/\/www.soldosandes.com.br\/atacado\/produto\/curry-contem-1kg\/","title":{"rendered":"Curry &#8211; Cont\u00e9m 1Kg"},"content":{"rendered":"<p><strong>Ingredientes:<\/strong> A\u00e7afr\u00e3o, coentro, sal, polpa de pimenta malagueta, mostarda amarela, cominho, cravo, fenogrego, pimenta preta, casca de laranja, canela e semolina de milho (Bacillus thuringiensis, Streptomyces, viridochromogenes, Agrobacterium tumefaciens).<\/p>\n<p><strong>N\u00c3O CONT\u00c9M GL\u00daTEN. <\/strong><\/p>\n<p><strong>AL\u00c9RGICOS: PODE CONTER DERIVADOS DE SOJA.<\/strong><\/p>\n<p><strong>Conserva\u00e7\u00e3o:<\/strong> manter em local seco e fresco.<\/p>\n","protected":false},"excerpt":{"rendered":"<p>T\u00edpico da culin\u00e1ria indiana, pode ser utilizado para o preparo de pat\u00eas, molhos, sopas e refogados, al\u00e9m de conferir cor e sabor aos alimentos. O Curry Sol dos Andes combina bem com frango, carne vermelha e tamb\u00e9m pode ser seu aliado no preparo de um delicioso risoto de camar\u00e3o. Na salada ou nos legumes esse tempero \u00e9 uma \u00f3tima op\u00e7\u00e3o para deixar seus pratos ainda mais saborosos.<\/p>\n","protected":false},"featured_media":1735,"comment_status":"open","ping_status":"closed","template":"","meta":[],"product_brand":[],"product_cat":[32],"product_tag":[],"class_list":{"0":"post-1385","1":"product","2":"type-product","3":"status-publish","4":"has-post-thumbnail","6":"product_cat-spices-refill","8":"first","9":"instock","10":"sale","11":"shipping-taxable","12":"purchasable","13":"product-type-simple"},"yoast_head":"<!-- This site is optimized with the Yoast SEO plugin v27.4 - https:\/\/yoast.com\/product\/yoast-seo-wordpress\/ -->\n<title>Curry - Cont\u00e9m 1Kg - Sol dos Andes Produtos Naturais<\/title>\n<meta name=\"robots\" content=\"index, follow, max-snippet:-1, max-image-preview:large, max-video-preview:-1\" \/>\n<link rel=\"canonical\" href=\"https:\/\/www.soldosandes.com.br\/atacado\/produto\/curry-contem-1kg\/\" \/>\n<meta property=\"og:locale\" content=\"pt_BR\" \/>\n<meta property=\"og:type\" content=\"article\" \/>\n<meta property=\"og:title\" content=\"Curry - Cont\u00e9m 1Kg - Sol dos Andes Produtos Naturais\" \/>\n<meta property=\"og:description\" content=\"T\u00edpico da culin\u00e1ria indiana, pode ser utilizado para o preparo de pat\u00eas, molhos, sopas e refogados, al\u00e9m de conferir cor e sabor aos alimentos. O Curry Sol dos Andes combina bem com frango, carne vermelha e tamb\u00e9m pode ser seu aliado no preparo de um delicioso risoto de camar\u00e3o. Na salada ou nos legumes esse tempero \u00e9 uma \u00f3tima op\u00e7\u00e3o para deixar seus pratos ainda mais saborosos.\" \/>\n<meta property=\"og:url\" content=\"https:\/\/www.soldosandes.com.br\/atacado\/produto\/curry-contem-1kg\/\" \/>\n<meta property=\"og:site_name\" content=\"Sol dos Andes Produtos Naturais\" \/>\n<meta property=\"article:modified_time\" content=\"2025-10-16T01:16:05+00:00\" \/>\n<meta property=\"og:image\" content=\"https:\/\/www.soldosandes.com.br\/atacado\/wp-content\/uploads\/2024\/03\/Curry-.png\" \/>\n\t<meta property=\"og:image:width\" content=\"914\" \/>\n\t<meta property=\"og:image:height\" content=\"1250\" \/>\n\t<meta property=\"og:image:type\" content=\"image\/png\" \/>\n<meta name=\"twitter:card\" content=\"summary_large_image\" \/>\n<meta name=\"twitter:label1\" content=\"Est. tempo de leitura\" \/>\n\t<meta name=\"twitter:data1\" content=\"1 minuto\" \/>\n<script type=\"application\/ld+json\" class=\"yoast-schema-graph\">{\"@context\":\"https:\\\/\\\/schema.org\",\"@graph\":[{\"@type\":\"WebPage\",\"@id\":\"https:\\\/\\\/www.soldosandes.com.br\\\/atacado\\\/produto\\\/curry-contem-1kg\\\/\",\"url\":\"https:\\\/\\\/www.soldosandes.com.br\\\/atacado\\\/produto\\\/curry-contem-1kg\\\/\",\"name\":\"Curry - Cont\u00e9m 1Kg - Sol dos Andes Produtos Naturais\",\"isPartOf\":{\"@id\":\"https:\\\/\\\/www.soldosandes.com.br\\\/atacado\\\/#website\"},\"primaryImageOfPage\":{\"@id\":\"https:\\\/\\\/www.soldosandes.com.br\\\/atacado\\\/produto\\\/curry-contem-1kg\\\/#primaryimage\"},\"image\":{\"@id\":\"https:\\\/\\\/www.soldosandes.com.br\\\/atacado\\\/produto\\\/curry-contem-1kg\\\/#primaryimage\"},\"thumbnailUrl\":\"https:\\\/\\\/www.soldosandes.com.br\\\/atacado\\\/wp-content\\\/uploads\\\/2024\\\/03\\\/Curry-.png\",\"datePublished\":\"2024-03-14T01:10:18+00:00\",\"dateModified\":\"2025-10-16T01:16:05+00:00\",\"breadcrumb\":{\"@id\":\"https:\\\/\\\/www.soldosandes.com.br\\\/atacado\\\/produto\\\/curry-contem-1kg\\\/#breadcrumb\"},\"inLanguage\":\"pt-BR\",\"potentialAction\":[{\"@type\":\"ReadAction\",\"target\":[\"https:\\\/\\\/www.soldosandes.com.br\\\/atacado\\\/produto\\\/curry-contem-1kg\\\/\"]}]},{\"@type\":\"ImageObject\",\"inLanguage\":\"pt-BR\",\"@id\":\"https:\\\/\\\/www.soldosandes.com.br\\\/atacado\\\/produto\\\/curry-contem-1kg\\\/#primaryimage\",\"url\":\"https:\\\/\\\/www.soldosandes.com.br\\\/atacado\\\/wp-content\\\/uploads\\\/2024\\\/03\\\/Curry-.png\",\"contentUrl\":\"https:\\\/\\\/www.soldosandes.com.br\\\/atacado\\\/wp-content\\\/uploads\\\/2024\\\/03\\\/Curry-.png\",\"width\":914,\"height\":1250},{\"@type\":\"BreadcrumbList\",\"@id\":\"https:\\\/\\\/www.soldosandes.com.br\\\/atacado\\\/produto\\\/curry-contem-1kg\\\/#breadcrumb\",\"itemListElement\":[{\"@type\":\"ListItem\",\"position\":1,\"name\":\"In\u00edcio\",\"item\":\"https:\\\/\\\/www.soldosandes.com.br\\\/atacado\\\/\"},{\"@type\":\"ListItem\",\"position\":2,\"name\":\"Loja\",\"item\":\"https:\\\/\\\/www.soldosandes.com.br\\\/atacado\\\/loja\\\/\"},{\"@type\":\"ListItem\",\"position\":3,\"name\":\"Curry &#8211; Cont\u00e9m 1Kg\"}]},{\"@type\":\"WebSite\",\"@id\":\"https:\\\/\\\/www.soldosandes.com.br\\\/atacado\\\/#website\",\"url\":\"https:\\\/\\\/www.soldosandes.com.br\\\/atacado\\\/\",\"name\":\"Sol dos Andes Produtos Naturais\",\"description\":\"Loja de Temperos e Especiarias \",\"publisher\":{\"@id\":\"https:\\\/\\\/www.soldosandes.com.br\\\/atacado\\\/#organization\"},\"potentialAction\":[{\"@type\":\"SearchAction\",\"target\":{\"@type\":\"EntryPoint\",\"urlTemplate\":\"https:\\\/\\\/www.soldosandes.com.br\\\/atacado\\\/?s={search_term_string}\"},\"query-input\":{\"@type\":\"PropertyValueSpecification\",\"valueRequired\":true,\"valueName\":\"search_term_string\"}}],\"inLanguage\":\"pt-BR\"},{\"@type\":\"Organization\",\"@id\":\"https:\\\/\\\/www.soldosandes.com.br\\\/atacado\\\/#organization\",\"name\":\"Sol dos Andes Produtos Naturais\",\"url\":\"https:\\\/\\\/www.soldosandes.com.br\\\/atacado\\\/\",\"logo\":{\"@type\":\"ImageObject\",\"inLanguage\":\"pt-BR\",\"@id\":\"https:\\\/\\\/www.soldosandes.com.br\\\/atacado\\\/#\\\/schema\\\/logo\\\/image\\\/\",\"url\":\"https:\\\/\\\/www.soldosandes.com.br\\\/atacado\\\/wp-content\\\/uploads\\\/2023\\\/12\\\/Logo_Sol-dos-Andes_Temperos-1.png\",\"contentUrl\":\"https:\\\/\\\/www.soldosandes.com.br\\\/atacado\\\/wp-content\\\/uploads\\\/2023\\\/12\\\/Logo_Sol-dos-Andes_Temperos-1.png\",\"width\":1177,\"height\":454,\"caption\":\"Sol dos Andes Produtos Naturais\"},\"image\":{\"@id\":\"https:\\\/\\\/www.soldosandes.com.br\\\/atacado\\\/#\\\/schema\\\/logo\\\/image\\\/\"}}]}<\/script>\n<!-- \/ Yoast SEO plugin. -->","yoast_head_json":{"title":"Curry - Cont\u00e9m 1Kg - Sol dos Andes Produtos Naturais","robots":{"index":"index","follow":"follow","max-snippet":"max-snippet:-1","max-image-preview":"max-image-preview:large","max-video-preview":"max-video-preview:-1"},"canonical":"https:\/\/www.soldosandes.com.br\/atacado\/produto\/curry-contem-1kg\/","og_locale":"pt_BR","og_type":"article","og_title":"Curry - Cont\u00e9m 1Kg - Sol dos Andes Produtos Naturais","og_description":"T\u00edpico da culin\u00e1ria indiana, pode ser utilizado para o preparo de pat\u00eas, molhos, sopas e refogados, al\u00e9m de conferir cor e sabor aos alimentos. O Curry Sol dos Andes combina bem com frango, carne vermelha e tamb\u00e9m pode ser seu aliado no preparo de um delicioso risoto de camar\u00e3o. Na salada ou nos legumes esse tempero \u00e9 uma \u00f3tima op\u00e7\u00e3o para deixar seus pratos ainda mais saborosos.","og_url":"https:\/\/www.soldosandes.com.br\/atacado\/produto\/curry-contem-1kg\/","og_site_name":"Sol dos Andes Produtos Naturais","article_modified_time":"2025-10-16T01:16:05+00:00","og_image":[{"width":914,"height":1250,"url":"https:\/\/www.soldosandes.com.br\/atacado\/wp-content\/uploads\/2024\/03\/Curry-.png","type":"image\/png"}],"twitter_card":"summary_large_image","twitter_misc":{"Est. tempo de leitura":"1 minuto"},"schema":{"@context":"https:\/\/schema.org","@graph":[{"@type":"WebPage","@id":"https:\/\/www.soldosandes.com.br\/atacado\/produto\/curry-contem-1kg\/","url":"https:\/\/www.soldosandes.com.br\/atacado\/produto\/curry-contem-1kg\/","name":"Curry - Cont\u00e9m 1Kg - Sol dos Andes Produtos Naturais","isPartOf":{"@id":"https:\/\/www.soldosandes.com.br\/atacado\/#website"},"primaryImageOfPage":{"@id":"https:\/\/www.soldosandes.com.br\/atacado\/produto\/curry-contem-1kg\/#primaryimage"},"image":{"@id":"https:\/\/www.soldosandes.com.br\/atacado\/produto\/curry-contem-1kg\/#primaryimage"},"thumbnailUrl":"https:\/\/www.soldosandes.com.br\/atacado\/wp-content\/uploads\/2024\/03\/Curry-.png","datePublished":"2024-03-14T01:10:18+00:00","dateModified":"2025-10-16T01:16:05+00:00","breadcrumb":{"@id":"https:\/\/www.soldosandes.com.br\/atacado\/produto\/curry-contem-1kg\/#breadcrumb"},"inLanguage":"pt-BR","potentialAction":[{"@type":"ReadAction","target":["https:\/\/www.soldosandes.com.br\/atacado\/produto\/curry-contem-1kg\/"]}]},{"@type":"ImageObject","inLanguage":"pt-BR","@id":"https:\/\/www.soldosandes.com.br\/atacado\/produto\/curry-contem-1kg\/#primaryimage","url":"https:\/\/www.soldosandes.com.br\/atacado\/wp-content\/uploads\/2024\/03\/Curry-.png","contentUrl":"https:\/\/www.soldosandes.com.br\/atacado\/wp-content\/uploads\/2024\/03\/Curry-.png","width":914,"height":1250},{"@type":"BreadcrumbList","@id":"https:\/\/www.soldosandes.com.br\/atacado\/produto\/curry-contem-1kg\/#breadcrumb","itemListElement":[{"@type":"ListItem","position":1,"name":"In\u00edcio","item":"https:\/\/www.soldosandes.com.br\/atacado\/"},{"@type":"ListItem","position":2,"name":"Loja","item":"https:\/\/www.soldosandes.com.br\/atacado\/loja\/"},{"@type":"ListItem","position":3,"name":"Curry &#8211; Cont\u00e9m 1Kg"}]},{"@type":"WebSite","@id":"https:\/\/www.soldosandes.com.br\/atacado\/#website","url":"https:\/\/www.soldosandes.com.br\/atacado\/","name":"Sol dos Andes Produtos Naturais","description":"Loja de Temperos e Especiarias ","publisher":{"@id":"https:\/\/www.soldosandes.com.br\/atacado\/#organization"},"potentialAction":[{"@type":"SearchAction","target":{"@type":"EntryPoint","urlTemplate":"https:\/\/www.soldosandes.com.br\/atacado\/?s={search_term_string}"},"query-input":{"@type":"PropertyValueSpecification","valueRequired":true,"valueName":"search_term_string"}}],"inLanguage":"pt-BR"},{"@type":"Organization","@id":"https:\/\/www.soldosandes.com.br\/atacado\/#organization","name":"Sol dos Andes Produtos Naturais","url":"https:\/\/www.soldosandes.com.br\/atacado\/","logo":{"@type":"ImageObject","inLanguage":"pt-BR","@id":"https:\/\/www.soldosandes.com.br\/atacado\/#\/schema\/logo\/image\/","url":"https:\/\/www.soldosandes.com.br\/atacado\/wp-content\/uploads\/2023\/12\/Logo_Sol-dos-Andes_Temperos-1.png","contentUrl":"https:\/\/www.soldosandes.com.br\/atacado\/wp-content\/uploads\/2023\/12\/Logo_Sol-dos-Andes_Temperos-1.png","width":1177,"height":454,"caption":"Sol dos Andes Produtos Naturais"},"image":{"@id":"https:\/\/www.soldosandes.com.br\/atacado\/#\/schema\/logo\/image\/"}}]}},"_links":{"self":[{"href":"https:\/\/www.soldosandes.com.br\/atacado\/wp-json\/wp\/v2\/product\/1385","targetHints":{"allow":["GET"]}}],"collection":[{"href":"https:\/\/www.soldosandes.com.br\/atacado\/wp-json\/wp\/v2\/product"}],"about":[{"href":"https:\/\/www.soldosandes.com.br\/atacado\/wp-json\/wp\/v2\/types\/product"}],"replies":[{"embeddable":true,"href":"https:\/\/www.soldosandes.com.br\/atacado\/wp-json\/wp\/v2\/comments?post=1385"}],"wp:featuredmedia":[{"embeddable":true,"href":"https:\/\/www.soldosandes.com.br\/atacado\/wp-json\/wp\/v2\/media\/1735"}],"wp:attachment":[{"href":"https:\/\/www.soldosandes.com.br\/atacado\/wp-json\/wp\/v2\/media?parent=1385"}],"wp:term":[{"taxonomy":"product_brand","embeddable":true,"href":"https:\/\/www.soldosandes.com.br\/atacado\/wp-json\/wp\/v2\/product_brand?post=1385"},{"taxonomy":"product_cat","embeddable":true,"href":"https:\/\/www.soldosandes.com.br\/atacado\/wp-json\/wp\/v2\/product_cat?post=1385"},{"taxonomy":"product_tag","embeddable":true,"href":"https:\/\/www.soldosandes.com.br\/atacado\/wp-json\/wp\/v2\/product_tag?post=1385"}],"curies":[{"name":"wp","href":"https:\/\/api.w.org\/{rel}","templated":true}]}}