{"id":1291,"date":"2024-02-08T22:10:36","date_gmt":"2024-02-09T01:10:36","guid":{"rendered":"https:\/\/www.soldosandes.com.br\/atacado\/?post_type=product&#038;p=1291"},"modified":"2024-03-27T15:39:49","modified_gmt":"2024-03-27T18:39:49","slug":"amendoim-sem-pele-sem-sal-120g-2","status":"publish","type":"product","link":"https:\/\/www.soldosandes.com.br\/atacado\/produto\/amendoim-sem-pele-sem-sal-120g-2\/","title":{"rendered":"Amendoim sem Pele sem Sal 120g"},"content":{"rendered":"<p><strong>Ingredientes:<\/strong> Amendoim.<\/p>\n<p><strong>N\u00c3O CONT\u00c9M GL\u00daTEN.\u00a0\u00a0 <\/strong><\/p>\n<p><strong>AL\u00c9RGICOS: CONT\u00c9M AMENDOIM. <\/strong><\/p>\n<p><strong>Conserva\u00e7\u00e3o:<\/strong> manter em local seco e fresco.<\/p>\n","protected":false},"excerpt":{"rendered":"<p>O amendoim, por ser um alimento bastante vers\u00e1til, \u00e9 um dos petiscos mais tradicionais. Como aperitivo, em receitas doces ou salgadas, s\u00e3o muitas as possibilidades de combinar esse ingrediente. P\u00e9 de moleque, biscoitos, cookies, pa\u00e7ocas, bolos, pasta de amendoim, massas, farofas, saladas, complemente suas receitas com Amendoim Sem Pele Sem Sal Sol dos Andes.<\/p>\n","protected":false},"featured_media":102,"comment_status":"open","ping_status":"closed","template":"","meta":[],"product_brand":[],"product_cat":[21,50,44],"product_tag":[],"class_list":{"0":"post-1291","1":"product","2":"type-product","3":"status-publish","4":"has-post-thumbnail","6":"product_cat-castanhas-amendoins","7":"product_cat-produtos-caixa-c-12","8":"product_cat-valido-para-cupons","10":"first","11":"instock","12":"shipping-taxable","13":"purchasable","14":"product-type-simple"},"yoast_head":"<!-- This site is optimized with the Yoast SEO plugin v27.4 - https:\/\/yoast.com\/product\/yoast-seo-wordpress\/ -->\n<title>Amendoim sem Pele sem Sal 120g - Sol dos Andes Produtos Naturais<\/title>\n<meta name=\"robots\" content=\"index, follow, max-snippet:-1, max-image-preview:large, max-video-preview:-1\" \/>\n<link rel=\"canonical\" href=\"https:\/\/www.soldosandes.com.br\/atacado\/produto\/amendoim-sem-pele-sem-sal-120g-2\/\" \/>\n<meta property=\"og:locale\" content=\"pt_BR\" \/>\n<meta property=\"og:type\" content=\"article\" \/>\n<meta property=\"og:title\" content=\"Amendoim sem Pele sem Sal 120g - Sol dos Andes Produtos Naturais\" \/>\n<meta property=\"og:description\" content=\"O amendoim, por ser um alimento bastante vers\u00e1til, \u00e9 um dos petiscos mais tradicionais. Como aperitivo, em receitas doces ou salgadas, s\u00e3o muitas as possibilidades de combinar esse ingrediente. P\u00e9 de moleque, biscoitos, cookies, pa\u00e7ocas, bolos, pasta de amendoim, massas, farofas, saladas, complemente suas receitas com Amendoim Sem Pele Sem Sal Sol dos Andes.\" \/>\n<meta property=\"og:url\" content=\"https:\/\/www.soldosandes.com.br\/atacado\/produto\/amendoim-sem-pele-sem-sal-120g-2\/\" \/>\n<meta property=\"og:site_name\" content=\"Sol dos Andes Produtos Naturais\" \/>\n<meta property=\"article:modified_time\" content=\"2024-03-27T18:39:49+00:00\" \/>\n<meta property=\"og:image\" content=\"https:\/\/www.soldosandes.com.br\/atacado\/wp-content\/uploads\/2023\/12\/AMENDOIM-SEM-PELE-SEM-SAL.png\" \/>\n\t<meta property=\"og:image:width\" content=\"1000\" \/>\n\t<meta property=\"og:image:height\" content=\"1000\" \/>\n\t<meta property=\"og:image:type\" content=\"image\/png\" \/>\n<meta name=\"twitter:card\" content=\"summary_large_image\" \/>\n<script type=\"application\/ld+json\" class=\"yoast-schema-graph\">{\"@context\":\"https:\\\/\\\/schema.org\",\"@graph\":[{\"@type\":\"WebPage\",\"@id\":\"https:\\\/\\\/www.soldosandes.com.br\\\/atacado\\\/produto\\\/amendoim-sem-pele-sem-sal-120g-2\\\/\",\"url\":\"https:\\\/\\\/www.soldosandes.com.br\\\/atacado\\\/produto\\\/amendoim-sem-pele-sem-sal-120g-2\\\/\",\"name\":\"Amendoim sem Pele sem Sal 120g - Sol dos Andes Produtos Naturais\",\"isPartOf\":{\"@id\":\"https:\\\/\\\/www.soldosandes.com.br\\\/atacado\\\/#website\"},\"primaryImageOfPage\":{\"@id\":\"https:\\\/\\\/www.soldosandes.com.br\\\/atacado\\\/produto\\\/amendoim-sem-pele-sem-sal-120g-2\\\/#primaryimage\"},\"image\":{\"@id\":\"https:\\\/\\\/www.soldosandes.com.br\\\/atacado\\\/produto\\\/amendoim-sem-pele-sem-sal-120g-2\\\/#primaryimage\"},\"thumbnailUrl\":\"https:\\\/\\\/www.soldosandes.com.br\\\/atacado\\\/wp-content\\\/uploads\\\/2023\\\/12\\\/AMENDOIM-SEM-PELE-SEM-SAL.png\",\"datePublished\":\"2024-02-09T01:10:36+00:00\",\"dateModified\":\"2024-03-27T18:39:49+00:00\",\"breadcrumb\":{\"@id\":\"https:\\\/\\\/www.soldosandes.com.br\\\/atacado\\\/produto\\\/amendoim-sem-pele-sem-sal-120g-2\\\/#breadcrumb\"},\"inLanguage\":\"pt-BR\",\"potentialAction\":[{\"@type\":\"ReadAction\",\"target\":[\"https:\\\/\\\/www.soldosandes.com.br\\\/atacado\\\/produto\\\/amendoim-sem-pele-sem-sal-120g-2\\\/\"]}]},{\"@type\":\"ImageObject\",\"inLanguage\":\"pt-BR\",\"@id\":\"https:\\\/\\\/www.soldosandes.com.br\\\/atacado\\\/produto\\\/amendoim-sem-pele-sem-sal-120g-2\\\/#primaryimage\",\"url\":\"https:\\\/\\\/www.soldosandes.com.br\\\/atacado\\\/wp-content\\\/uploads\\\/2023\\\/12\\\/AMENDOIM-SEM-PELE-SEM-SAL.png\",\"contentUrl\":\"https:\\\/\\\/www.soldosandes.com.br\\\/atacado\\\/wp-content\\\/uploads\\\/2023\\\/12\\\/AMENDOIM-SEM-PELE-SEM-SAL.png\",\"width\":1000,\"height\":1000},{\"@type\":\"BreadcrumbList\",\"@id\":\"https:\\\/\\\/www.soldosandes.com.br\\\/atacado\\\/produto\\\/amendoim-sem-pele-sem-sal-120g-2\\\/#breadcrumb\",\"itemListElement\":[{\"@type\":\"ListItem\",\"position\":1,\"name\":\"In\u00edcio\",\"item\":\"https:\\\/\\\/www.soldosandes.com.br\\\/atacado\\\/\"},{\"@type\":\"ListItem\",\"position\":2,\"name\":\"Loja\",\"item\":\"https:\\\/\\\/www.soldosandes.com.br\\\/atacado\\\/loja\\\/\"},{\"@type\":\"ListItem\",\"position\":3,\"name\":\"Amendoim sem Pele sem Sal 120g\"}]},{\"@type\":\"WebSite\",\"@id\":\"https:\\\/\\\/www.soldosandes.com.br\\\/atacado\\\/#website\",\"url\":\"https:\\\/\\\/www.soldosandes.com.br\\\/atacado\\\/\",\"name\":\"Sol dos Andes Produtos Naturais\",\"description\":\"Loja de Temperos e Especiarias \",\"publisher\":{\"@id\":\"https:\\\/\\\/www.soldosandes.com.br\\\/atacado\\\/#organization\"},\"potentialAction\":[{\"@type\":\"SearchAction\",\"target\":{\"@type\":\"EntryPoint\",\"urlTemplate\":\"https:\\\/\\\/www.soldosandes.com.br\\\/atacado\\\/?s={search_term_string}\"},\"query-input\":{\"@type\":\"PropertyValueSpecification\",\"valueRequired\":true,\"valueName\":\"search_term_string\"}}],\"inLanguage\":\"pt-BR\"},{\"@type\":\"Organization\",\"@id\":\"https:\\\/\\\/www.soldosandes.com.br\\\/atacado\\\/#organization\",\"name\":\"Sol dos Andes Produtos Naturais\",\"url\":\"https:\\\/\\\/www.soldosandes.com.br\\\/atacado\\\/\",\"logo\":{\"@type\":\"ImageObject\",\"inLanguage\":\"pt-BR\",\"@id\":\"https:\\\/\\\/www.soldosandes.com.br\\\/atacado\\\/#\\\/schema\\\/logo\\\/image\\\/\",\"url\":\"https:\\\/\\\/www.soldosandes.com.br\\\/atacado\\\/wp-content\\\/uploads\\\/2023\\\/12\\\/Logo_Sol-dos-Andes_Temperos-1.png\",\"contentUrl\":\"https:\\\/\\\/www.soldosandes.com.br\\\/atacado\\\/wp-content\\\/uploads\\\/2023\\\/12\\\/Logo_Sol-dos-Andes_Temperos-1.png\",\"width\":1177,\"height\":454,\"caption\":\"Sol dos Andes Produtos Naturais\"},\"image\":{\"@id\":\"https:\\\/\\\/www.soldosandes.com.br\\\/atacado\\\/#\\\/schema\\\/logo\\\/image\\\/\"}}]}<\/script>\n<!-- \/ Yoast SEO plugin. -->","yoast_head_json":{"title":"Amendoim sem Pele sem Sal 120g - Sol dos Andes Produtos Naturais","robots":{"index":"index","follow":"follow","max-snippet":"max-snippet:-1","max-image-preview":"max-image-preview:large","max-video-preview":"max-video-preview:-1"},"canonical":"https:\/\/www.soldosandes.com.br\/atacado\/produto\/amendoim-sem-pele-sem-sal-120g-2\/","og_locale":"pt_BR","og_type":"article","og_title":"Amendoim sem Pele sem Sal 120g - Sol dos Andes Produtos Naturais","og_description":"O amendoim, por ser um alimento bastante vers\u00e1til, \u00e9 um dos petiscos mais tradicionais. Como aperitivo, em receitas doces ou salgadas, s\u00e3o muitas as possibilidades de combinar esse ingrediente. P\u00e9 de moleque, biscoitos, cookies, pa\u00e7ocas, bolos, pasta de amendoim, massas, farofas, saladas, complemente suas receitas com Amendoim Sem Pele Sem Sal Sol dos Andes.","og_url":"https:\/\/www.soldosandes.com.br\/atacado\/produto\/amendoim-sem-pele-sem-sal-120g-2\/","og_site_name":"Sol dos Andes Produtos Naturais","article_modified_time":"2024-03-27T18:39:49+00:00","og_image":[{"width":1000,"height":1000,"url":"https:\/\/www.soldosandes.com.br\/atacado\/wp-content\/uploads\/2023\/12\/AMENDOIM-SEM-PELE-SEM-SAL.png","type":"image\/png"}],"twitter_card":"summary_large_image","schema":{"@context":"https:\/\/schema.org","@graph":[{"@type":"WebPage","@id":"https:\/\/www.soldosandes.com.br\/atacado\/produto\/amendoim-sem-pele-sem-sal-120g-2\/","url":"https:\/\/www.soldosandes.com.br\/atacado\/produto\/amendoim-sem-pele-sem-sal-120g-2\/","name":"Amendoim sem Pele sem Sal 120g - Sol dos Andes Produtos Naturais","isPartOf":{"@id":"https:\/\/www.soldosandes.com.br\/atacado\/#website"},"primaryImageOfPage":{"@id":"https:\/\/www.soldosandes.com.br\/atacado\/produto\/amendoim-sem-pele-sem-sal-120g-2\/#primaryimage"},"image":{"@id":"https:\/\/www.soldosandes.com.br\/atacado\/produto\/amendoim-sem-pele-sem-sal-120g-2\/#primaryimage"},"thumbnailUrl":"https:\/\/www.soldosandes.com.br\/atacado\/wp-content\/uploads\/2023\/12\/AMENDOIM-SEM-PELE-SEM-SAL.png","datePublished":"2024-02-09T01:10:36+00:00","dateModified":"2024-03-27T18:39:49+00:00","breadcrumb":{"@id":"https:\/\/www.soldosandes.com.br\/atacado\/produto\/amendoim-sem-pele-sem-sal-120g-2\/#breadcrumb"},"inLanguage":"pt-BR","potentialAction":[{"@type":"ReadAction","target":["https:\/\/www.soldosandes.com.br\/atacado\/produto\/amendoim-sem-pele-sem-sal-120g-2\/"]}]},{"@type":"ImageObject","inLanguage":"pt-BR","@id":"https:\/\/www.soldosandes.com.br\/atacado\/produto\/amendoim-sem-pele-sem-sal-120g-2\/#primaryimage","url":"https:\/\/www.soldosandes.com.br\/atacado\/wp-content\/uploads\/2023\/12\/AMENDOIM-SEM-PELE-SEM-SAL.png","contentUrl":"https:\/\/www.soldosandes.com.br\/atacado\/wp-content\/uploads\/2023\/12\/AMENDOIM-SEM-PELE-SEM-SAL.png","width":1000,"height":1000},{"@type":"BreadcrumbList","@id":"https:\/\/www.soldosandes.com.br\/atacado\/produto\/amendoim-sem-pele-sem-sal-120g-2\/#breadcrumb","itemListElement":[{"@type":"ListItem","position":1,"name":"In\u00edcio","item":"https:\/\/www.soldosandes.com.br\/atacado\/"},{"@type":"ListItem","position":2,"name":"Loja","item":"https:\/\/www.soldosandes.com.br\/atacado\/loja\/"},{"@type":"ListItem","position":3,"name":"Amendoim sem Pele sem Sal 120g"}]},{"@type":"WebSite","@id":"https:\/\/www.soldosandes.com.br\/atacado\/#website","url":"https:\/\/www.soldosandes.com.br\/atacado\/","name":"Sol dos Andes Produtos Naturais","description":"Loja de Temperos e Especiarias ","publisher":{"@id":"https:\/\/www.soldosandes.com.br\/atacado\/#organization"},"potentialAction":[{"@type":"SearchAction","target":{"@type":"EntryPoint","urlTemplate":"https:\/\/www.soldosandes.com.br\/atacado\/?s={search_term_string}"},"query-input":{"@type":"PropertyValueSpecification","valueRequired":true,"valueName":"search_term_string"}}],"inLanguage":"pt-BR"},{"@type":"Organization","@id":"https:\/\/www.soldosandes.com.br\/atacado\/#organization","name":"Sol dos Andes Produtos Naturais","url":"https:\/\/www.soldosandes.com.br\/atacado\/","logo":{"@type":"ImageObject","inLanguage":"pt-BR","@id":"https:\/\/www.soldosandes.com.br\/atacado\/#\/schema\/logo\/image\/","url":"https:\/\/www.soldosandes.com.br\/atacado\/wp-content\/uploads\/2023\/12\/Logo_Sol-dos-Andes_Temperos-1.png","contentUrl":"https:\/\/www.soldosandes.com.br\/atacado\/wp-content\/uploads\/2023\/12\/Logo_Sol-dos-Andes_Temperos-1.png","width":1177,"height":454,"caption":"Sol dos Andes Produtos Naturais"},"image":{"@id":"https:\/\/www.soldosandes.com.br\/atacado\/#\/schema\/logo\/image\/"}}]}},"_links":{"self":[{"href":"https:\/\/www.soldosandes.com.br\/atacado\/wp-json\/wp\/v2\/product\/1291","targetHints":{"allow":["GET"]}}],"collection":[{"href":"https:\/\/www.soldosandes.com.br\/atacado\/wp-json\/wp\/v2\/product"}],"about":[{"href":"https:\/\/www.soldosandes.com.br\/atacado\/wp-json\/wp\/v2\/types\/product"}],"replies":[{"embeddable":true,"href":"https:\/\/www.soldosandes.com.br\/atacado\/wp-json\/wp\/v2\/comments?post=1291"}],"wp:featuredmedia":[{"embeddable":true,"href":"https:\/\/www.soldosandes.com.br\/atacado\/wp-json\/wp\/v2\/media\/102"}],"wp:attachment":[{"href":"https:\/\/www.soldosandes.com.br\/atacado\/wp-json\/wp\/v2\/media?parent=1291"}],"wp:term":[{"taxonomy":"product_brand","embeddable":true,"href":"https:\/\/www.soldosandes.com.br\/atacado\/wp-json\/wp\/v2\/product_brand?post=1291"},{"taxonomy":"product_cat","embeddable":true,"href":"https:\/\/www.soldosandes.com.br\/atacado\/wp-json\/wp\/v2\/product_cat?post=1291"},{"taxonomy":"product_tag","embeddable":true,"href":"https:\/\/www.soldosandes.com.br\/atacado\/wp-json\/wp\/v2\/product_tag?post=1291"}],"curies":[{"name":"wp","href":"https:\/\/api.w.org\/{rel}","templated":true}]}}