{"id":1189,"date":"2024-02-06T21:44:28","date_gmt":"2024-02-07T00:44:28","guid":{"rendered":"https:\/\/www.soldosandes.com.br\/atacado\/?post_type=product&#038;p=1189"},"modified":"2024-03-12T14:06:11","modified_gmt":"2024-03-12T17:06:11","slug":"cebola-alho-e-salsa-50g-2","status":"publish","type":"product","link":"https:\/\/www.soldosandes.com.br\/atacado\/produto\/cebola-alho-e-salsa-50g-2\/","title":{"rendered":"Cebola, Alho e Salsa 50g"},"content":{"rendered":"<p><strong>Ingredientes:<\/strong> Cebola, alho e salsa.<\/p>\n<p><strong>N\u00c3O CONT\u00c9M GL\u00daTEN.<\/strong><\/p>\n<p><strong>Conserva\u00e7\u00e3o:<\/strong> manter em local seco e fresco.<\/p>\n","protected":false},"excerpt":{"rendered":"<p>Essa combina\u00e7\u00e3o deliciosa e pr\u00e1tica vai deixar seus pratos ainda mais saborosos! Irresist\u00edvel, esse trio combina com arroz, feij\u00e3o, prote\u00ednas, massas, molhos, refogados, sem d\u00favidas vai se tornar seu segredinho para preparar variados tipos de receitas.<\/p>\n","protected":false},"featured_media":76,"comment_status":"open","ping_status":"closed","template":"","meta":[],"product_brand":[],"product_cat":[45,50,34,16],"product_tag":[],"class_list":{"0":"post-1189","1":"product","2":"type-product","3":"status-publish","4":"has-post-thumbnail","6":"product_cat-linha-cintas","7":"product_cat-produtos-caixa-c-12","8":"product_cat-promocoes-e-ofertas","9":"product_cat-temperos-especiarias","11":"first","12":"instock","13":"shipping-taxable","14":"purchasable","15":"product-type-simple"},"yoast_head":"<!-- This site is optimized with the Yoast SEO plugin v27.4 - https:\/\/yoast.com\/product\/yoast-seo-wordpress\/ -->\n<title>Cebola, Alho e Salsa 50g - Sol dos Andes Produtos Naturais<\/title>\n<meta name=\"robots\" content=\"index, follow, max-snippet:-1, max-image-preview:large, max-video-preview:-1\" \/>\n<link rel=\"canonical\" href=\"https:\/\/www.soldosandes.com.br\/atacado\/produto\/cebola-alho-e-salsa-50g-2\/\" \/>\n<meta property=\"og:locale\" content=\"pt_BR\" \/>\n<meta property=\"og:type\" content=\"article\" \/>\n<meta property=\"og:title\" content=\"Cebola, Alho e Salsa 50g - Sol dos Andes Produtos Naturais\" \/>\n<meta property=\"og:description\" content=\"Essa combina\u00e7\u00e3o deliciosa e pr\u00e1tica vai deixar seus pratos ainda mais saborosos! Irresist\u00edvel, esse trio combina com arroz, feij\u00e3o, prote\u00ednas, massas, molhos, refogados, sem d\u00favidas vai se tornar seu segredinho para preparar variados tipos de receitas.\" \/>\n<meta property=\"og:url\" content=\"https:\/\/www.soldosandes.com.br\/atacado\/produto\/cebola-alho-e-salsa-50g-2\/\" \/>\n<meta property=\"og:site_name\" content=\"Sol dos Andes Produtos Naturais\" \/>\n<meta property=\"article:modified_time\" content=\"2024-03-12T17:06:11+00:00\" \/>\n<meta property=\"og:image\" content=\"https:\/\/www.soldosandes.com.br\/atacado\/wp-content\/uploads\/2023\/12\/CEBOLA-ALHO-E-SALSA.png\" \/>\n\t<meta property=\"og:image:width\" content=\"1000\" \/>\n\t<meta property=\"og:image:height\" content=\"1000\" \/>\n\t<meta property=\"og:image:type\" content=\"image\/png\" \/>\n<meta name=\"twitter:card\" content=\"summary_large_image\" \/>\n<script type=\"application\/ld+json\" class=\"yoast-schema-graph\">{\"@context\":\"https:\\\/\\\/schema.org\",\"@graph\":[{\"@type\":\"WebPage\",\"@id\":\"https:\\\/\\\/www.soldosandes.com.br\\\/atacado\\\/produto\\\/cebola-alho-e-salsa-50g-2\\\/\",\"url\":\"https:\\\/\\\/www.soldosandes.com.br\\\/atacado\\\/produto\\\/cebola-alho-e-salsa-50g-2\\\/\",\"name\":\"Cebola, Alho e Salsa 50g - Sol dos Andes Produtos Naturais\",\"isPartOf\":{\"@id\":\"https:\\\/\\\/www.soldosandes.com.br\\\/atacado\\\/#website\"},\"primaryImageOfPage\":{\"@id\":\"https:\\\/\\\/www.soldosandes.com.br\\\/atacado\\\/produto\\\/cebola-alho-e-salsa-50g-2\\\/#primaryimage\"},\"image\":{\"@id\":\"https:\\\/\\\/www.soldosandes.com.br\\\/atacado\\\/produto\\\/cebola-alho-e-salsa-50g-2\\\/#primaryimage\"},\"thumbnailUrl\":\"https:\\\/\\\/www.soldosandes.com.br\\\/atacado\\\/wp-content\\\/uploads\\\/2023\\\/12\\\/CEBOLA-ALHO-E-SALSA.png\",\"datePublished\":\"2024-02-07T00:44:28+00:00\",\"dateModified\":\"2024-03-12T17:06:11+00:00\",\"breadcrumb\":{\"@id\":\"https:\\\/\\\/www.soldosandes.com.br\\\/atacado\\\/produto\\\/cebola-alho-e-salsa-50g-2\\\/#breadcrumb\"},\"inLanguage\":\"pt-BR\",\"potentialAction\":[{\"@type\":\"ReadAction\",\"target\":[\"https:\\\/\\\/www.soldosandes.com.br\\\/atacado\\\/produto\\\/cebola-alho-e-salsa-50g-2\\\/\"]}]},{\"@type\":\"ImageObject\",\"inLanguage\":\"pt-BR\",\"@id\":\"https:\\\/\\\/www.soldosandes.com.br\\\/atacado\\\/produto\\\/cebola-alho-e-salsa-50g-2\\\/#primaryimage\",\"url\":\"https:\\\/\\\/www.soldosandes.com.br\\\/atacado\\\/wp-content\\\/uploads\\\/2023\\\/12\\\/CEBOLA-ALHO-E-SALSA.png\",\"contentUrl\":\"https:\\\/\\\/www.soldosandes.com.br\\\/atacado\\\/wp-content\\\/uploads\\\/2023\\\/12\\\/CEBOLA-ALHO-E-SALSA.png\",\"width\":1000,\"height\":1000},{\"@type\":\"BreadcrumbList\",\"@id\":\"https:\\\/\\\/www.soldosandes.com.br\\\/atacado\\\/produto\\\/cebola-alho-e-salsa-50g-2\\\/#breadcrumb\",\"itemListElement\":[{\"@type\":\"ListItem\",\"position\":1,\"name\":\"In\u00edcio\",\"item\":\"https:\\\/\\\/www.soldosandes.com.br\\\/atacado\\\/\"},{\"@type\":\"ListItem\",\"position\":2,\"name\":\"Loja\",\"item\":\"https:\\\/\\\/www.soldosandes.com.br\\\/atacado\\\/loja\\\/\"},{\"@type\":\"ListItem\",\"position\":3,\"name\":\"Cebola, Alho e Salsa 50g\"}]},{\"@type\":\"WebSite\",\"@id\":\"https:\\\/\\\/www.soldosandes.com.br\\\/atacado\\\/#website\",\"url\":\"https:\\\/\\\/www.soldosandes.com.br\\\/atacado\\\/\",\"name\":\"Sol dos Andes Produtos Naturais\",\"description\":\"Loja de Temperos e Especiarias \",\"publisher\":{\"@id\":\"https:\\\/\\\/www.soldosandes.com.br\\\/atacado\\\/#organization\"},\"potentialAction\":[{\"@type\":\"SearchAction\",\"target\":{\"@type\":\"EntryPoint\",\"urlTemplate\":\"https:\\\/\\\/www.soldosandes.com.br\\\/atacado\\\/?s={search_term_string}\"},\"query-input\":{\"@type\":\"PropertyValueSpecification\",\"valueRequired\":true,\"valueName\":\"search_term_string\"}}],\"inLanguage\":\"pt-BR\"},{\"@type\":\"Organization\",\"@id\":\"https:\\\/\\\/www.soldosandes.com.br\\\/atacado\\\/#organization\",\"name\":\"Sol dos Andes Produtos Naturais\",\"url\":\"https:\\\/\\\/www.soldosandes.com.br\\\/atacado\\\/\",\"logo\":{\"@type\":\"ImageObject\",\"inLanguage\":\"pt-BR\",\"@id\":\"https:\\\/\\\/www.soldosandes.com.br\\\/atacado\\\/#\\\/schema\\\/logo\\\/image\\\/\",\"url\":\"https:\\\/\\\/www.soldosandes.com.br\\\/atacado\\\/wp-content\\\/uploads\\\/2023\\\/12\\\/Logo_Sol-dos-Andes_Temperos-1.png\",\"contentUrl\":\"https:\\\/\\\/www.soldosandes.com.br\\\/atacado\\\/wp-content\\\/uploads\\\/2023\\\/12\\\/Logo_Sol-dos-Andes_Temperos-1.png\",\"width\":1177,\"height\":454,\"caption\":\"Sol dos Andes Produtos Naturais\"},\"image\":{\"@id\":\"https:\\\/\\\/www.soldosandes.com.br\\\/atacado\\\/#\\\/schema\\\/logo\\\/image\\\/\"}}]}<\/script>\n<!-- \/ Yoast SEO plugin. -->","yoast_head_json":{"title":"Cebola, Alho e Salsa 50g - Sol dos Andes Produtos Naturais","robots":{"index":"index","follow":"follow","max-snippet":"max-snippet:-1","max-image-preview":"max-image-preview:large","max-video-preview":"max-video-preview:-1"},"canonical":"https:\/\/www.soldosandes.com.br\/atacado\/produto\/cebola-alho-e-salsa-50g-2\/","og_locale":"pt_BR","og_type":"article","og_title":"Cebola, Alho e Salsa 50g - Sol dos Andes Produtos Naturais","og_description":"Essa combina\u00e7\u00e3o deliciosa e pr\u00e1tica vai deixar seus pratos ainda mais saborosos! Irresist\u00edvel, esse trio combina com arroz, feij\u00e3o, prote\u00ednas, massas, molhos, refogados, sem d\u00favidas vai se tornar seu segredinho para preparar variados tipos de receitas.","og_url":"https:\/\/www.soldosandes.com.br\/atacado\/produto\/cebola-alho-e-salsa-50g-2\/","og_site_name":"Sol dos Andes Produtos Naturais","article_modified_time":"2024-03-12T17:06:11+00:00","og_image":[{"width":1000,"height":1000,"url":"https:\/\/www.soldosandes.com.br\/atacado\/wp-content\/uploads\/2023\/12\/CEBOLA-ALHO-E-SALSA.png","type":"image\/png"}],"twitter_card":"summary_large_image","schema":{"@context":"https:\/\/schema.org","@graph":[{"@type":"WebPage","@id":"https:\/\/www.soldosandes.com.br\/atacado\/produto\/cebola-alho-e-salsa-50g-2\/","url":"https:\/\/www.soldosandes.com.br\/atacado\/produto\/cebola-alho-e-salsa-50g-2\/","name":"Cebola, Alho e Salsa 50g - Sol dos Andes Produtos Naturais","isPartOf":{"@id":"https:\/\/www.soldosandes.com.br\/atacado\/#website"},"primaryImageOfPage":{"@id":"https:\/\/www.soldosandes.com.br\/atacado\/produto\/cebola-alho-e-salsa-50g-2\/#primaryimage"},"image":{"@id":"https:\/\/www.soldosandes.com.br\/atacado\/produto\/cebola-alho-e-salsa-50g-2\/#primaryimage"},"thumbnailUrl":"https:\/\/www.soldosandes.com.br\/atacado\/wp-content\/uploads\/2023\/12\/CEBOLA-ALHO-E-SALSA.png","datePublished":"2024-02-07T00:44:28+00:00","dateModified":"2024-03-12T17:06:11+00:00","breadcrumb":{"@id":"https:\/\/www.soldosandes.com.br\/atacado\/produto\/cebola-alho-e-salsa-50g-2\/#breadcrumb"},"inLanguage":"pt-BR","potentialAction":[{"@type":"ReadAction","target":["https:\/\/www.soldosandes.com.br\/atacado\/produto\/cebola-alho-e-salsa-50g-2\/"]}]},{"@type":"ImageObject","inLanguage":"pt-BR","@id":"https:\/\/www.soldosandes.com.br\/atacado\/produto\/cebola-alho-e-salsa-50g-2\/#primaryimage","url":"https:\/\/www.soldosandes.com.br\/atacado\/wp-content\/uploads\/2023\/12\/CEBOLA-ALHO-E-SALSA.png","contentUrl":"https:\/\/www.soldosandes.com.br\/atacado\/wp-content\/uploads\/2023\/12\/CEBOLA-ALHO-E-SALSA.png","width":1000,"height":1000},{"@type":"BreadcrumbList","@id":"https:\/\/www.soldosandes.com.br\/atacado\/produto\/cebola-alho-e-salsa-50g-2\/#breadcrumb","itemListElement":[{"@type":"ListItem","position":1,"name":"In\u00edcio","item":"https:\/\/www.soldosandes.com.br\/atacado\/"},{"@type":"ListItem","position":2,"name":"Loja","item":"https:\/\/www.soldosandes.com.br\/atacado\/loja\/"},{"@type":"ListItem","position":3,"name":"Cebola, Alho e Salsa 50g"}]},{"@type":"WebSite","@id":"https:\/\/www.soldosandes.com.br\/atacado\/#website","url":"https:\/\/www.soldosandes.com.br\/atacado\/","name":"Sol dos Andes Produtos Naturais","description":"Loja de Temperos e Especiarias ","publisher":{"@id":"https:\/\/www.soldosandes.com.br\/atacado\/#organization"},"potentialAction":[{"@type":"SearchAction","target":{"@type":"EntryPoint","urlTemplate":"https:\/\/www.soldosandes.com.br\/atacado\/?s={search_term_string}"},"query-input":{"@type":"PropertyValueSpecification","valueRequired":true,"valueName":"search_term_string"}}],"inLanguage":"pt-BR"},{"@type":"Organization","@id":"https:\/\/www.soldosandes.com.br\/atacado\/#organization","name":"Sol dos Andes Produtos Naturais","url":"https:\/\/www.soldosandes.com.br\/atacado\/","logo":{"@type":"ImageObject","inLanguage":"pt-BR","@id":"https:\/\/www.soldosandes.com.br\/atacado\/#\/schema\/logo\/image\/","url":"https:\/\/www.soldosandes.com.br\/atacado\/wp-content\/uploads\/2023\/12\/Logo_Sol-dos-Andes_Temperos-1.png","contentUrl":"https:\/\/www.soldosandes.com.br\/atacado\/wp-content\/uploads\/2023\/12\/Logo_Sol-dos-Andes_Temperos-1.png","width":1177,"height":454,"caption":"Sol dos Andes Produtos Naturais"},"image":{"@id":"https:\/\/www.soldosandes.com.br\/atacado\/#\/schema\/logo\/image\/"}}]}},"_links":{"self":[{"href":"https:\/\/www.soldosandes.com.br\/atacado\/wp-json\/wp\/v2\/product\/1189","targetHints":{"allow":["GET"]}}],"collection":[{"href":"https:\/\/www.soldosandes.com.br\/atacado\/wp-json\/wp\/v2\/product"}],"about":[{"href":"https:\/\/www.soldosandes.com.br\/atacado\/wp-json\/wp\/v2\/types\/product"}],"replies":[{"embeddable":true,"href":"https:\/\/www.soldosandes.com.br\/atacado\/wp-json\/wp\/v2\/comments?post=1189"}],"wp:featuredmedia":[{"embeddable":true,"href":"https:\/\/www.soldosandes.com.br\/atacado\/wp-json\/wp\/v2\/media\/76"}],"wp:attachment":[{"href":"https:\/\/www.soldosandes.com.br\/atacado\/wp-json\/wp\/v2\/media?parent=1189"}],"wp:term":[{"taxonomy":"product_brand","embeddable":true,"href":"https:\/\/www.soldosandes.com.br\/atacado\/wp-json\/wp\/v2\/product_brand?post=1189"},{"taxonomy":"product_cat","embeddable":true,"href":"https:\/\/www.soldosandes.com.br\/atacado\/wp-json\/wp\/v2\/product_cat?post=1189"},{"taxonomy":"product_tag","embeddable":true,"href":"https:\/\/www.soldosandes.com.br\/atacado\/wp-json\/wp\/v2\/product_tag?post=1189"}],"curies":[{"name":"wp","href":"https:\/\/api.w.org\/{rel}","templated":true}]}}