{"id":13,"date":"2023-12-18T16:12:07","date_gmt":"2023-12-18T19:12:07","guid":{"rendered":"http:\/\/localhost\/soldosandes\/?page_id=13"},"modified":"2024-02-21T15:49:25","modified_gmt":"2024-02-21T18:49:25","slug":"termos-condicoes","status":"publish","type":"page","link":"https:\/\/www.soldosandes.com.br\/atacado\/termos-condicoes\/","title":{"rendered":"Termos e Condi\u00e7\u00f5es"},"content":{"rendered":"\r\n<p><span style=\"font-weight: 400;\"><strong>MEIOS DE PAGAMENTOS<\/strong>: A Sol dos Andes disp\u00f5e de formas seguras de pagamento: Cart\u00f5es de cr\u00e9dito, Mercado Pago, PIX ou Boleto Banc\u00e1rio.\u00a0<\/span><\/p>\r\n<p><span style=\"font-weight: 400;\">Observa\u00e7\u00e3o:\u00a0Para pagamentos via boleto banc\u00e1rio o pedido apenas ser\u00e1 processado ap\u00f3s a confirma\u00e7\u00e3o do pagamento.<\/span><\/p>\r\n<p>&nbsp;<\/p>\r\n<p><span style=\"font-weight: 400;\"><strong>ENTREGA\u00a0<\/strong>&#8211; A entrega dos produtos \u00e9 realizada por meio dos correios ou transportadoras e os prazos variam de acordo com cada localidade. Para consultar valores e prazos informe o CEP de entrega no momento da finaliza\u00e7\u00e3o do pedido. Em casos de greves ou impedimentos de tr\u00e2nsito por conta de fen\u00f4menos naturais \u00e9 poss\u00edvel que haja atrasos inesperados. A entrega ser\u00e1 realizada no endere\u00e7o informado no momento da compra, por isso \u00e9 muito importante inserir seu endere\u00e7o completo. O prazo de entrega se inicia a partir da confirma\u00e7\u00e3o do pagamento pela institui\u00e7\u00e3o financeira.<\/span><\/p>\r\n<p><span style=\"font-weight: 400;\">Todos os pedidos s\u00e3o postados em at\u00e9 48h \u00fateis ap\u00f3s a confirma\u00e7\u00e3o do pagamento e voc\u00ea pode acompanh\u00e1-lo atrav\u00e9s do c\u00f3digo de rastreio enviado por e-mail.\u00a0<\/span><\/p>\r\n<p>&nbsp;<\/p>\r\n<p><span style=\"font-weight: 400;\"><strong>TROCAS E DEVOLU\u00c7\u00d5ES<\/strong> \u2013\u00a0Voc\u00ea pode solicitar a substitui\u00e7\u00e3o dos produtos no prazo de at\u00e9 sete dias corridos ap\u00f3s o recebimento da sua compra, hip\u00f3tese em que o frete reverso \u00e9 pago pela Sol dos Andes. Para isso basta enviar um e-mail para <\/span><a href=\"mailto:vendas@soldosandes.com.br\"><span style=\"font-weight: 400;\">vendas@soldosandes.com.br<\/span><\/a><span style=\"font-weight: 400;\"> para que possamos iniciar o procedimento. A partir do momento do recebimento do produto pela Sol dos Andes emitiremos um cupom de desconto no valor total da sua compra para utiliza\u00e7\u00e3o no prazo de at\u00e9 30 dias.\u00a0 As substitui\u00e7\u00f5es ou devolu\u00e7\u00f5es apenas ser\u00e3o aceitas caso os produtos sejam devolvidos em perfeitas condi\u00e7\u00f5es, sem sinais de uso ou viola\u00e7\u00e3o.<\/span><\/p>\r\n<p>&nbsp;<\/p>\r\n<p><span style=\"font-weight: 400;\"><strong>CANCELAMENTO DA COMPRA<\/strong> \u2013\u00a0Nos termos do artigo 49 da Lei 8.078\/90 o consumidor poder\u00e1 optar por desistir da compra no prazo de at\u00e9 7 dias. Nesse caso \u00e9 necess\u00e1rio apenas enviar um e-mail para <\/span><a href=\"mailto:vendas@soldosandes.com.br\"><span style=\"font-weight: 400;\">vendas@soldosandes.com.br<\/span><\/a> <span style=\"font-weight: 400;\">com o n\u00famero do seu pedido para que possamos iniciar o procedimento de envio de autoriza\u00e7\u00e3o de postagem de devolu\u00e7\u00e3o dos produtos e posterior restitui\u00e7\u00e3o da quantia paga. Na hip\u00f3tese de o pagamento ter sido realizado atrav\u00e9s de cart\u00f5es de cr\u00e9ditos a devolu\u00e7\u00e3o ser\u00e1 feita diretamente em sua fatura. Em caso de pagamento via boleto banc\u00e1rio ou pix a restitui\u00e7\u00e3o ser\u00e1 realizada por meio de dep\u00f3sito em conta corrente em at\u00e9 48 horas ap\u00f3s o recebimento dos produtos pela Sol dos Andes. N\u00e3o ser\u00e3o aceitos cancelamentos fora do prazo de sete dias corridos ap\u00f3s o recebimento do pedido.<\/span><b><br \/><br \/><\/b><\/p>\r\n","protected":false},"excerpt":{"rendered":"<p>MEIOS DE PAGAMENTOS: A Sol dos Andes disp\u00f5e de formas seguras de pagamento: Cart\u00f5es de cr\u00e9dito, Mercado Pago, PIX ou Boleto Banc\u00e1rio.\u00a0 Observa\u00e7\u00e3o:\u00a0Para pagamentos via boleto banc\u00e1rio o pedido apenas ser\u00e1 processado ap\u00f3s a confirma\u00e7\u00e3o do pagamento. &nbsp; ENTREGA\u00a0&#8211; A entrega dos produtos \u00e9 realizada por meio dos correios ou transportadoras e os prazos variam [&hellip;]<\/p>\n","protected":false},"author":1,"featured_media":0,"parent":0,"menu_order":0,"comment_status":"closed","ping_status":"closed","template":"","meta":{"footnotes":""},"class_list":["post-13","page","type-page","status-publish","hentry"],"yoast_head":"<!-- This site is optimized with the Yoast SEO plugin v27.4 - https:\/\/yoast.com\/product\/yoast-seo-wordpress\/ -->\n<title>Termos e Condi\u00e7\u00f5es - Sol dos Andes Produtos Naturais<\/title>\n<meta name=\"robots\" content=\"index, follow, max-snippet:-1, max-image-preview:large, max-video-preview:-1\" \/>\n<link rel=\"canonical\" href=\"https:\/\/www.soldosandes.com.br\/atacado\/termos-condicoes\/\" \/>\n<meta property=\"og:locale\" content=\"pt_BR\" \/>\n<meta property=\"og:type\" content=\"article\" \/>\n<meta property=\"og:title\" content=\"Termos e Condi\u00e7\u00f5es - Sol dos Andes Produtos Naturais\" \/>\n<meta property=\"og:description\" content=\"MEIOS DE PAGAMENTOS: A Sol dos Andes disp\u00f5e de formas seguras de pagamento: Cart\u00f5es de cr\u00e9dito, Mercado Pago, PIX ou Boleto Banc\u00e1rio.\u00a0 Observa\u00e7\u00e3o:\u00a0Para pagamentos via boleto banc\u00e1rio o pedido apenas ser\u00e1 processado ap\u00f3s a confirma\u00e7\u00e3o do pagamento. &nbsp; ENTREGA\u00a0&#8211; A entrega dos produtos \u00e9 realizada por meio dos correios ou transportadoras e os prazos variam [&hellip;]\" \/>\n<meta property=\"og:url\" content=\"https:\/\/www.soldosandes.com.br\/atacado\/termos-condicoes\/\" \/>\n<meta property=\"og:site_name\" content=\"Sol dos Andes Produtos Naturais\" \/>\n<meta property=\"article:modified_time\" content=\"2024-02-21T18:49:25+00:00\" \/>\n<meta name=\"twitter:card\" content=\"summary_large_image\" \/>\n<meta name=\"twitter:label1\" content=\"Est. tempo de leitura\" \/>\n\t<meta name=\"twitter:data1\" content=\"2 minutos\" \/>\n<script type=\"application\/ld+json\" class=\"yoast-schema-graph\">{\"@context\":\"https:\\\/\\\/schema.org\",\"@graph\":[{\"@type\":\"WebPage\",\"@id\":\"https:\\\/\\\/www.soldosandes.com.br\\\/atacado\\\/termos-condicoes\\\/\",\"url\":\"https:\\\/\\\/www.soldosandes.com.br\\\/atacado\\\/termos-condicoes\\\/\",\"name\":\"Termos e Condi\u00e7\u00f5es - Sol dos Andes Produtos Naturais\",\"isPartOf\":{\"@id\":\"https:\\\/\\\/www.soldosandes.com.br\\\/atacado\\\/#website\"},\"datePublished\":\"2023-12-18T19:12:07+00:00\",\"dateModified\":\"2024-02-21T18:49:25+00:00\",\"breadcrumb\":{\"@id\":\"https:\\\/\\\/www.soldosandes.com.br\\\/atacado\\\/termos-condicoes\\\/#breadcrumb\"},\"inLanguage\":\"pt-BR\",\"potentialAction\":[{\"@type\":\"ReadAction\",\"target\":[\"https:\\\/\\\/www.soldosandes.com.br\\\/atacado\\\/termos-condicoes\\\/\"]}]},{\"@type\":\"BreadcrumbList\",\"@id\":\"https:\\\/\\\/www.soldosandes.com.br\\\/atacado\\\/termos-condicoes\\\/#breadcrumb\",\"itemListElement\":[{\"@type\":\"ListItem\",\"position\":1,\"name\":\"In\u00edcio\",\"item\":\"https:\\\/\\\/www.soldosandes.com.br\\\/atacado\\\/\"},{\"@type\":\"ListItem\",\"position\":2,\"name\":\"Termos e Condi\u00e7\u00f5es\"}]},{\"@type\":\"WebSite\",\"@id\":\"https:\\\/\\\/www.soldosandes.com.br\\\/atacado\\\/#website\",\"url\":\"https:\\\/\\\/www.soldosandes.com.br\\\/atacado\\\/\",\"name\":\"Sol dos Andes Produtos Naturais\",\"description\":\"Loja de Temperos e Especiarias \",\"publisher\":{\"@id\":\"https:\\\/\\\/www.soldosandes.com.br\\\/atacado\\\/#organization\"},\"potentialAction\":[{\"@type\":\"SearchAction\",\"target\":{\"@type\":\"EntryPoint\",\"urlTemplate\":\"https:\\\/\\\/www.soldosandes.com.br\\\/atacado\\\/?s={search_term_string}\"},\"query-input\":{\"@type\":\"PropertyValueSpecification\",\"valueRequired\":true,\"valueName\":\"search_term_string\"}}],\"inLanguage\":\"pt-BR\"},{\"@type\":\"Organization\",\"@id\":\"https:\\\/\\\/www.soldosandes.com.br\\\/atacado\\\/#organization\",\"name\":\"Sol dos Andes Produtos Naturais\",\"url\":\"https:\\\/\\\/www.soldosandes.com.br\\\/atacado\\\/\",\"logo\":{\"@type\":\"ImageObject\",\"inLanguage\":\"pt-BR\",\"@id\":\"https:\\\/\\\/www.soldosandes.com.br\\\/atacado\\\/#\\\/schema\\\/logo\\\/image\\\/\",\"url\":\"https:\\\/\\\/www.soldosandes.com.br\\\/atacado\\\/wp-content\\\/uploads\\\/2023\\\/12\\\/Logo_Sol-dos-Andes_Temperos-1.png\",\"contentUrl\":\"https:\\\/\\\/www.soldosandes.com.br\\\/atacado\\\/wp-content\\\/uploads\\\/2023\\\/12\\\/Logo_Sol-dos-Andes_Temperos-1.png\",\"width\":1177,\"height\":454,\"caption\":\"Sol dos Andes Produtos Naturais\"},\"image\":{\"@id\":\"https:\\\/\\\/www.soldosandes.com.br\\\/atacado\\\/#\\\/schema\\\/logo\\\/image\\\/\"}}]}<\/script>\n<!-- \/ Yoast SEO plugin. -->","yoast_head_json":{"title":"Termos e Condi\u00e7\u00f5es - Sol dos Andes Produtos Naturais","robots":{"index":"index","follow":"follow","max-snippet":"max-snippet:-1","max-image-preview":"max-image-preview:large","max-video-preview":"max-video-preview:-1"},"canonical":"https:\/\/www.soldosandes.com.br\/atacado\/termos-condicoes\/","og_locale":"pt_BR","og_type":"article","og_title":"Termos e Condi\u00e7\u00f5es - Sol dos Andes Produtos Naturais","og_description":"MEIOS DE PAGAMENTOS: A Sol dos Andes disp\u00f5e de formas seguras de pagamento: Cart\u00f5es de cr\u00e9dito, Mercado Pago, PIX ou Boleto Banc\u00e1rio.\u00a0 Observa\u00e7\u00e3o:\u00a0Para pagamentos via boleto banc\u00e1rio o pedido apenas ser\u00e1 processado ap\u00f3s a confirma\u00e7\u00e3o do pagamento. &nbsp; ENTREGA\u00a0&#8211; A entrega dos produtos \u00e9 realizada por meio dos correios ou transportadoras e os prazos variam [&hellip;]","og_url":"https:\/\/www.soldosandes.com.br\/atacado\/termos-condicoes\/","og_site_name":"Sol dos Andes Produtos Naturais","article_modified_time":"2024-02-21T18:49:25+00:00","twitter_card":"summary_large_image","twitter_misc":{"Est. tempo de leitura":"2 minutos"},"schema":{"@context":"https:\/\/schema.org","@graph":[{"@type":"WebPage","@id":"https:\/\/www.soldosandes.com.br\/atacado\/termos-condicoes\/","url":"https:\/\/www.soldosandes.com.br\/atacado\/termos-condicoes\/","name":"Termos e Condi\u00e7\u00f5es - Sol dos Andes Produtos Naturais","isPartOf":{"@id":"https:\/\/www.soldosandes.com.br\/atacado\/#website"},"datePublished":"2023-12-18T19:12:07+00:00","dateModified":"2024-02-21T18:49:25+00:00","breadcrumb":{"@id":"https:\/\/www.soldosandes.com.br\/atacado\/termos-condicoes\/#breadcrumb"},"inLanguage":"pt-BR","potentialAction":[{"@type":"ReadAction","target":["https:\/\/www.soldosandes.com.br\/atacado\/termos-condicoes\/"]}]},{"@type":"BreadcrumbList","@id":"https:\/\/www.soldosandes.com.br\/atacado\/termos-condicoes\/#breadcrumb","itemListElement":[{"@type":"ListItem","position":1,"name":"In\u00edcio","item":"https:\/\/www.soldosandes.com.br\/atacado\/"},{"@type":"ListItem","position":2,"name":"Termos e Condi\u00e7\u00f5es"}]},{"@type":"WebSite","@id":"https:\/\/www.soldosandes.com.br\/atacado\/#website","url":"https:\/\/www.soldosandes.com.br\/atacado\/","name":"Sol dos Andes Produtos Naturais","description":"Loja de Temperos e Especiarias ","publisher":{"@id":"https:\/\/www.soldosandes.com.br\/atacado\/#organization"},"potentialAction":[{"@type":"SearchAction","target":{"@type":"EntryPoint","urlTemplate":"https:\/\/www.soldosandes.com.br\/atacado\/?s={search_term_string}"},"query-input":{"@type":"PropertyValueSpecification","valueRequired":true,"valueName":"search_term_string"}}],"inLanguage":"pt-BR"},{"@type":"Organization","@id":"https:\/\/www.soldosandes.com.br\/atacado\/#organization","name":"Sol dos Andes Produtos Naturais","url":"https:\/\/www.soldosandes.com.br\/atacado\/","logo":{"@type":"ImageObject","inLanguage":"pt-BR","@id":"https:\/\/www.soldosandes.com.br\/atacado\/#\/schema\/logo\/image\/","url":"https:\/\/www.soldosandes.com.br\/atacado\/wp-content\/uploads\/2023\/12\/Logo_Sol-dos-Andes_Temperos-1.png","contentUrl":"https:\/\/www.soldosandes.com.br\/atacado\/wp-content\/uploads\/2023\/12\/Logo_Sol-dos-Andes_Temperos-1.png","width":1177,"height":454,"caption":"Sol dos Andes Produtos Naturais"},"image":{"@id":"https:\/\/www.soldosandes.com.br\/atacado\/#\/schema\/logo\/image\/"}}]}},"_links":{"self":[{"href":"https:\/\/www.soldosandes.com.br\/atacado\/wp-json\/wp\/v2\/pages\/13","targetHints":{"allow":["GET"]}}],"collection":[{"href":"https:\/\/www.soldosandes.com.br\/atacado\/wp-json\/wp\/v2\/pages"}],"about":[{"href":"https:\/\/www.soldosandes.com.br\/atacado\/wp-json\/wp\/v2\/types\/page"}],"author":[{"embeddable":true,"href":"https:\/\/www.soldosandes.com.br\/atacado\/wp-json\/wp\/v2\/users\/1"}],"replies":[{"embeddable":true,"href":"https:\/\/www.soldosandes.com.br\/atacado\/wp-json\/wp\/v2\/comments?post=13"}],"version-history":[{"count":0,"href":"https:\/\/www.soldosandes.com.br\/atacado\/wp-json\/wp\/v2\/pages\/13\/revisions"}],"wp:attachment":[{"href":"https:\/\/www.soldosandes.com.br\/atacado\/wp-json\/wp\/v2\/media?parent=13"}],"curies":[{"name":"wp","href":"https:\/\/api.w.org\/{rel}","templated":true}]}}